{"id":824,"date":"2025-06-20T21:48:06","date_gmt":"2025-06-20T21:48:06","guid":{"rendered":"https:\/\/specialdaysurprises.com\/?post_type=product&#038;p=824"},"modified":"2025-06-20T21:48:06","modified_gmt":"2025-06-20T21:48:06","slug":"un-brindis-para-papa","status":"publish","type":"product","link":"https:\/\/specialdaysurprises.com\/en\/product\/un-brindis-para-papa\/","title":{"rendered":"Un Brindis para Pap\u00e1"},"content":{"rendered":"<p>Sorprende a pap\u00e1 (o a cualquiera) con nuestra espectacular <strong>bandeja de regalo \u00abUn Brindis para Pap\u00e1\u00bb<\/strong>. Esta combinaci\u00f3n \u00fanica trae el sabor audaz del <strong>tequila premium<\/strong>, la frescura y alegr\u00eda de un hermoso arreglo de <strong>flores<\/strong>, y la dulzura irresistible de <strong>chocolates selectos<\/strong>. Aunque es el detalle perfecto para el <strong>D\u00eda del Padre<\/strong>, su encanto y sofisticaci\u00f3n lo hacen ideal para <strong>cualquier otra ocasi\u00f3n<\/strong> especial. Un regalo inolvidable que deleitar\u00e1 sus sentidos.<\/p>\n<p><strong>Contents:<\/strong><\/p>\n<ul>\n<li>Tequila Don Julio 70 Aniversario<\/li>\n<li>8 Chocolates Ferrero Rocher<\/li>\n<li>Flores (colores de su preferencia)<\/li>\n<li>Decoraci\u00f3n con globos (de acuerdo a la ocaci\u00f3n)<\/li>\n<li>Wooden tray<\/li>\n<\/ul>\n<p>&nbsp;<\/p>\n<p><strong>Notes:<\/strong><\/p>\n<ul>\n<li><strong>Any products must be ordered a minimum of 24 hours in advance.<\/strong><\/li>\n<li>We are eager to discuss any special design or product requests, price could change.<\/li>\n<li>Each breakfast is custom made and substitutions may be necessary. Your order will be produced as closely as possible to the picture.<\/li>\n<\/ul>","protected":false},"excerpt":{"rendered":"<p>Espectacular bandeja de regalo. Esta combinaci\u00f3n \u00fanica trae el sabor audaz del tequila, la frescura y alegr\u00eda de las flores, y la dulzura de los chocolates<\/p>","protected":false},"featured_media":825,"comment_status":"open","ping_status":"closed","template":"","meta":{"_coblocks_attr":"","_coblocks_dimensions":"","_coblocks_responsive_height":"","_coblocks_accordion_ie_support":""},"product_brand":[],"product_cat":[36,124,56,125,11,27,102],"product_tag":[31,39,37,128,127,63,64,47,15,16,45,171,126],"class_list":{"0":"post-824","1":"product","2":"type-product","3":"status-publish","4":"has-post-thumbnail","6":"product_cat-cumpleanos","7":"product_cat-fathers-day","8":"product_cat-love","9":"product_cat-men","10":"product_cat-mothers-day","11":"product_cat-sin-categorizar","12":"product_cat-snacks","13":"product_tag-amor","14":"product_tag-birthday","15":"product_tag-cumpleanos","16":"product_tag-dad","17":"product_tag-father","18":"product_tag-flores","19":"product_tag-flowers","20":"product_tag-love","21":"product_tag-madre","22":"product_tag-mom","23":"product_tag-mother","24":"product_tag-padre","25":"product_tag-papa","27":"first","28":"instock","29":"shipping-taxable","30":"purchasable","31":"product-type-simple"},"yoast_head":"<!-- This site is optimized with the Yoast SEO plugin v27.5 - https:\/\/yoast.com\/product\/yoast-seo-wordpress\/ -->\n<title>Un Brindis para Pap\u00e1 - Special Day Surprises<\/title>\n<meta name=\"description\" content=\"Espectacular bandeja de regalo. Esta combinaci\u00f3n \u00fanica trae el sabor audaz del tequila, la frescura y alegr\u00eda de las flores, y la dulzura de los chocolates\" \/>\n<meta name=\"robots\" content=\"index, follow, max-snippet:-1, max-image-preview:large, max-video-preview:-1\" \/>\n<link rel=\"canonical\" href=\"https:\/\/specialdaysurprises.com\/en\/product\/un-brindis-para-papa\/\" \/>\n<meta property=\"og:locale\" content=\"en_US\" \/>\n<meta property=\"og:type\" content=\"article\" \/>\n<meta property=\"og:title\" content=\"Un Brindis para Pap\u00e1 - Special Day Surprises\" \/>\n<meta property=\"og:description\" content=\"Espectacular bandeja de regalo. Esta combinaci\u00f3n \u00fanica trae el sabor audaz del tequila, la frescura y alegr\u00eda de las flores, y la dulzura de los chocolates\" \/>\n<meta property=\"og:url\" content=\"https:\/\/specialdaysurprises.com\/en\/product\/un-brindis-para-papa\/\" \/>\n<meta property=\"og:site_name\" content=\"Special Day Surprises\" \/>\n<meta property=\"article:publisher\" content=\"https:\/\/www.facebook.com\/people\/Special-Day-Surprises\/61557959631212\/\" \/>\n<meta property=\"og:image\" content=\"https:\/\/specialdaysurprises.com\/wp-content\/uploads\/2025\/06\/Photoroom_20250615_095404.jpeg\" \/>\n\t<meta property=\"og:image:width\" content=\"1800\" \/>\n\t<meta property=\"og:image:height\" content=\"2400\" \/>\n\t<meta property=\"og:image:type\" content=\"image\/jpeg\" \/>\n<meta name=\"twitter:card\" content=\"summary_large_image\" \/>\n<meta name=\"twitter:label1\" content=\"Est. reading time\" \/>\n\t<meta name=\"twitter:data1\" content=\"1 minute\" \/>\n<script type=\"application\/ld+json\" class=\"yoast-schema-graph\">{\"@context\":\"https:\\\/\\\/schema.org\",\"@graph\":[{\"@type\":\"WebPage\",\"@id\":\"https:\\\/\\\/specialdaysurprises.com\\\/product\\\/un-brindis-para-papa\\\/\",\"url\":\"https:\\\/\\\/specialdaysurprises.com\\\/product\\\/un-brindis-para-papa\\\/\",\"name\":\"Un Brindis para Pap\u00e1 - Special Day Surprises\",\"isPartOf\":{\"@id\":\"https:\\\/\\\/specialdaysurprises.com\\\/#website\"},\"primaryImageOfPage\":{\"@id\":\"https:\\\/\\\/specialdaysurprises.com\\\/product\\\/un-brindis-para-papa\\\/#primaryimage\"},\"image\":{\"@id\":\"https:\\\/\\\/specialdaysurprises.com\\\/product\\\/un-brindis-para-papa\\\/#primaryimage\"},\"thumbnailUrl\":\"https:\\\/\\\/specialdaysurprises.com\\\/wp-content\\\/uploads\\\/2025\\\/06\\\/Photoroom_20250615_095404.jpeg\",\"datePublished\":\"2025-06-20T21:48:06+00:00\",\"description\":\"Espectacular bandeja de regalo. Esta combinaci\u00f3n \u00fanica trae el sabor audaz del tequila, la frescura y alegr\u00eda de las flores, y la dulzura de los chocolates\",\"breadcrumb\":{\"@id\":\"https:\\\/\\\/specialdaysurprises.com\\\/product\\\/un-brindis-para-papa\\\/#breadcrumb\"},\"inLanguage\":\"en-US\",\"potentialAction\":[{\"@type\":\"ReadAction\",\"target\":[\"https:\\\/\\\/specialdaysurprises.com\\\/product\\\/un-brindis-para-papa\\\/\"]}]},{\"@type\":\"ImageObject\",\"inLanguage\":\"en-US\",\"@id\":\"https:\\\/\\\/specialdaysurprises.com\\\/product\\\/un-brindis-para-papa\\\/#primaryimage\",\"url\":\"https:\\\/\\\/specialdaysurprises.com\\\/wp-content\\\/uploads\\\/2025\\\/06\\\/Photoroom_20250615_095404.jpeg\",\"contentUrl\":\"https:\\\/\\\/specialdaysurprises.com\\\/wp-content\\\/uploads\\\/2025\\\/06\\\/Photoroom_20250615_095404.jpeg\",\"width\":1800,\"height\":2400,\"caption\":\"Espectacular bandeja de regalo. Esta combinaci\u00f3n \u00fanica trae el sabor audaz del tequila, la frescura y alegr\u00eda de las flores, y la dulzura de los chocolates\"},{\"@type\":\"BreadcrumbList\",\"@id\":\"https:\\\/\\\/specialdaysurprises.com\\\/product\\\/un-brindis-para-papa\\\/#breadcrumb\",\"itemListElement\":[{\"@type\":\"ListItem\",\"position\":1,\"name\":\"Home\",\"item\":\"https:\\\/\\\/specialdaysurprises.com\\\/\"},{\"@type\":\"ListItem\",\"position\":2,\"name\":\"Shop\",\"item\":\"https:\\\/\\\/specialdaysurprises.com\\\/shop\\\/\"},{\"@type\":\"ListItem\",\"position\":3,\"name\":\"Un Brindis para Pap\u00e1\"}]},{\"@type\":\"WebSite\",\"@id\":\"https:\\\/\\\/specialdaysurprises.com\\\/#website\",\"url\":\"https:\\\/\\\/specialdaysurprises.com\\\/\",\"name\":\"Special Day Surprises\",\"description\":\"Breakfast Surprise and Gift Baskets\",\"publisher\":{\"@id\":\"https:\\\/\\\/specialdaysurprises.com\\\/#organization\"},\"potentialAction\":[{\"@type\":\"SearchAction\",\"target\":{\"@type\":\"EntryPoint\",\"urlTemplate\":\"https:\\\/\\\/specialdaysurprises.com\\\/?s={search_term_string}\"},\"query-input\":{\"@type\":\"PropertyValueSpecification\",\"valueRequired\":true,\"valueName\":\"search_term_string\"}}],\"inLanguage\":\"en-US\"},{\"@type\":\"Organization\",\"@id\":\"https:\\\/\\\/specialdaysurprises.com\\\/#organization\",\"name\":\"Special Day Surprises\",\"url\":\"https:\\\/\\\/specialdaysurprises.com\\\/\",\"logo\":{\"@type\":\"ImageObject\",\"inLanguage\":\"en-US\",\"@id\":\"https:\\\/\\\/specialdaysurprises.com\\\/#\\\/schema\\\/logo\\\/image\\\/\",\"url\":\"https:\\\/\\\/specialdaysurprises.com\\\/wp-content\\\/uploads\\\/2024\\\/05\\\/cropped-logo-special-day-surprises-ana-X8.png\",\"contentUrl\":\"https:\\\/\\\/specialdaysurprises.com\\\/wp-content\\\/uploads\\\/2024\\\/05\\\/cropped-logo-special-day-surprises-ana-X8.png\",\"width\":320,\"height\":122,\"caption\":\"Special Day Surprises\"},\"image\":{\"@id\":\"https:\\\/\\\/specialdaysurprises.com\\\/#\\\/schema\\\/logo\\\/image\\\/\"},\"sameAs\":[\"https:\\\/\\\/www.facebook.com\\\/people\\\/Special-Day-Surprises\\\/61557959631212\\\/\",\"https:\\\/\\\/www.instagram.com\\\/specialdaysurprises\\\/\"]}]}<\/script>\n<!-- \/ Yoast SEO plugin. -->","yoast_head_json":{"title":"Un Brindis para Pap\u00e1 - Special Day Surprises","description":"Espectacular bandeja de regalo. Esta combinaci\u00f3n \u00fanica trae el sabor audaz del tequila, la frescura y alegr\u00eda de las flores, y la dulzura de los chocolates","robots":{"index":"index","follow":"follow","max-snippet":"max-snippet:-1","max-image-preview":"max-image-preview:large","max-video-preview":"max-video-preview:-1"},"canonical":"https:\/\/specialdaysurprises.com\/en\/product\/un-brindis-para-papa\/","og_locale":"en_US","og_type":"article","og_title":"Un Brindis para Pap\u00e1 - Special Day Surprises","og_description":"Espectacular bandeja de regalo. Esta combinaci\u00f3n \u00fanica trae el sabor audaz del tequila, la frescura y alegr\u00eda de las flores, y la dulzura de los chocolates","og_url":"https:\/\/specialdaysurprises.com\/en\/product\/un-brindis-para-papa\/","og_site_name":"Special Day Surprises","article_publisher":"https:\/\/www.facebook.com\/people\/Special-Day-Surprises\/61557959631212\/","og_image":[{"width":1800,"height":2400,"url":"https:\/\/specialdaysurprises.com\/wp-content\/uploads\/2025\/06\/Photoroom_20250615_095404.jpeg","type":"image\/jpeg"}],"twitter_card":"summary_large_image","twitter_misc":{"Est. reading time":"1 minute"},"schema":{"@context":"https:\/\/schema.org","@graph":[{"@type":"WebPage","@id":"https:\/\/specialdaysurprises.com\/product\/un-brindis-para-papa\/","url":"https:\/\/specialdaysurprises.com\/product\/un-brindis-para-papa\/","name":"Un Brindis para Pap\u00e1 - Special Day Surprises","isPartOf":{"@id":"https:\/\/specialdaysurprises.com\/#website"},"primaryImageOfPage":{"@id":"https:\/\/specialdaysurprises.com\/product\/un-brindis-para-papa\/#primaryimage"},"image":{"@id":"https:\/\/specialdaysurprises.com\/product\/un-brindis-para-papa\/#primaryimage"},"thumbnailUrl":"https:\/\/specialdaysurprises.com\/wp-content\/uploads\/2025\/06\/Photoroom_20250615_095404.jpeg","datePublished":"2025-06-20T21:48:06+00:00","description":"Espectacular bandeja de regalo. Esta combinaci\u00f3n \u00fanica trae el sabor audaz del tequila, la frescura y alegr\u00eda de las flores, y la dulzura de los chocolates","breadcrumb":{"@id":"https:\/\/specialdaysurprises.com\/product\/un-brindis-para-papa\/#breadcrumb"},"inLanguage":"en-US","potentialAction":[{"@type":"ReadAction","target":["https:\/\/specialdaysurprises.com\/product\/un-brindis-para-papa\/"]}]},{"@type":"ImageObject","inLanguage":"en-US","@id":"https:\/\/specialdaysurprises.com\/product\/un-brindis-para-papa\/#primaryimage","url":"https:\/\/specialdaysurprises.com\/wp-content\/uploads\/2025\/06\/Photoroom_20250615_095404.jpeg","contentUrl":"https:\/\/specialdaysurprises.com\/wp-content\/uploads\/2025\/06\/Photoroom_20250615_095404.jpeg","width":1800,"height":2400,"caption":"Espectacular bandeja de regalo. Esta combinaci\u00f3n \u00fanica trae el sabor audaz del tequila, la frescura y alegr\u00eda de las flores, y la dulzura de los chocolates"},{"@type":"BreadcrumbList","@id":"https:\/\/specialdaysurprises.com\/product\/un-brindis-para-papa\/#breadcrumb","itemListElement":[{"@type":"ListItem","position":1,"name":"Home","item":"https:\/\/specialdaysurprises.com\/"},{"@type":"ListItem","position":2,"name":"Shop","item":"https:\/\/specialdaysurprises.com\/shop\/"},{"@type":"ListItem","position":3,"name":"Un Brindis para Pap\u00e1"}]},{"@type":"WebSite","@id":"https:\/\/specialdaysurprises.com\/#website","url":"https:\/\/specialdaysurprises.com\/","name":"Special Day Surprises","description":"Breakfast Surprise and Gift Baskets","publisher":{"@id":"https:\/\/specialdaysurprises.com\/#organization"},"potentialAction":[{"@type":"SearchAction","target":{"@type":"EntryPoint","urlTemplate":"https:\/\/specialdaysurprises.com\/?s={search_term_string}"},"query-input":{"@type":"PropertyValueSpecification","valueRequired":true,"valueName":"search_term_string"}}],"inLanguage":"en-US"},{"@type":"Organization","@id":"https:\/\/specialdaysurprises.com\/#organization","name":"Special Day Surprises","url":"https:\/\/specialdaysurprises.com\/","logo":{"@type":"ImageObject","inLanguage":"en-US","@id":"https:\/\/specialdaysurprises.com\/#\/schema\/logo\/image\/","url":"https:\/\/specialdaysurprises.com\/wp-content\/uploads\/2024\/05\/cropped-logo-special-day-surprises-ana-X8.png","contentUrl":"https:\/\/specialdaysurprises.com\/wp-content\/uploads\/2024\/05\/cropped-logo-special-day-surprises-ana-X8.png","width":320,"height":122,"caption":"Special Day Surprises"},"image":{"@id":"https:\/\/specialdaysurprises.com\/#\/schema\/logo\/image\/"},"sameAs":["https:\/\/www.facebook.com\/people\/Special-Day-Surprises\/61557959631212\/","https:\/\/www.instagram.com\/specialdaysurprises\/"]}]}},"_links":{"self":[{"href":"https:\/\/specialdaysurprises.com\/en\/wp-json\/wp\/v2\/product\/824","targetHints":{"allow":["GET"]}}],"collection":[{"href":"https:\/\/specialdaysurprises.com\/en\/wp-json\/wp\/v2\/product"}],"about":[{"href":"https:\/\/specialdaysurprises.com\/en\/wp-json\/wp\/v2\/types\/product"}],"replies":[{"embeddable":true,"href":"https:\/\/specialdaysurprises.com\/en\/wp-json\/wp\/v2\/comments?post=824"}],"wp:featuredmedia":[{"embeddable":true,"href":"https:\/\/specialdaysurprises.com\/en\/wp-json\/wp\/v2\/media\/825"}],"wp:attachment":[{"href":"https:\/\/specialdaysurprises.com\/en\/wp-json\/wp\/v2\/media?parent=824"}],"wp:term":[{"taxonomy":"product_brand","embeddable":true,"href":"https:\/\/specialdaysurprises.com\/en\/wp-json\/wp\/v2\/product_brand?post=824"},{"taxonomy":"product_cat","embeddable":true,"href":"https:\/\/specialdaysurprises.com\/en\/wp-json\/wp\/v2\/product_cat?post=824"},{"taxonomy":"product_tag","embeddable":true,"href":"https:\/\/specialdaysurprises.com\/en\/wp-json\/wp\/v2\/product_tag?post=824"}],"curies":[{"name":"wp","href":"https:\/\/api.w.org\/{rel}","templated":true}]}}