{"id":820,"date":"2025-06-20T21:06:39","date_gmt":"2025-06-20T21:06:39","guid":{"rendered":"https:\/\/specialdaysurprises.com\/?post_type=product&#038;p=820"},"modified":"2025-06-20T21:06:39","modified_gmt":"2025-06-20T21:06:39","slug":"cheers-snacks-el-regalo-perfecto","status":"publish","type":"product","link":"https:\/\/specialdaysurprises.com\/en\/product\/cheers-snacks-el-regalo-perfecto\/","title":{"rendered":"Cheers &#038; Snacks: El Regalo Perfecto"},"content":{"rendered":"<p>Sorprende a esa persona especial con nuestra incre\u00edble <strong>bandeja de regalo \u00abCheers &amp; Snacks\u00bb<\/strong>. Esta selecci\u00f3n premium incluye <strong>cervezas <\/strong>y una exquisita combinaci\u00f3n de <strong>snacks<\/strong>, ideal para cualquier celebraci\u00f3n o simplemente para alegrar el d\u00eda. Ya sea para un cumplea\u00f1os, un aniversario, un agradecimiento o una reuni\u00f3n informal, \u00a1es el detalle perfecto que siempre ser\u00e1 bien recibido!<\/p>\n<p>Contents:<\/p>\n<ul>\n<li>6 Cervezas Coronita<\/li>\n<li>2 Chocolates varios<\/li>\n<li>2 Chips varios<\/li>\n<li>Decoraci\u00f3n con globos (color de su preferencia)<\/li>\n<li>Wooden tray<\/li>\n<\/ul>\n<p>&nbsp;<\/p>\n<p><strong>Notes:<\/strong><\/p>\n<ul>\n<li><strong>Any products must be ordered a minimum of 24 hours in advance.<\/strong><\/li>\n<li>We are eager to discuss any special design or product requests, price could change.<\/li>\n<li>Each breakfast is custom made and substitutions may be necessary. Your order will be produced as closely as possible to the picture.<\/li>\n<\/ul>","protected":false},"excerpt":{"rendered":"<p>Esta selecci\u00f3n premium incluye <strong>cervezas <\/strong>y una exquisita combinaci\u00f3n de <strong>snacks<\/strong>, ideal para cualquier celebraci\u00f3n o simplemente para alegrar el d\u00eda.<\/p>","protected":false},"featured_media":821,"comment_status":"open","ping_status":"closed","template":"","meta":{"_coblocks_attr":"","_coblocks_dimensions":"","_coblocks_responsive_height":"","_coblocks_accordion_ie_support":""},"product_brand":[],"product_cat":[36,124,56,125,27,102],"product_tag":[132,143,39,52,142,37,128,127,166,141,126],"class_list":{"0":"post-820","1":"product","2":"type-product","3":"status-publish","4":"has-post-thumbnail","6":"product_cat-cumpleanos","7":"product_cat-fathers-day","8":"product_cat-love","9":"product_cat-men","10":"product_cat-sin-categorizar","11":"product_cat-snacks","12":"product_tag-azul","13":"product_tag-beer","14":"product_tag-birthday","15":"product_tag-blue","16":"product_tag-cerveza","17":"product_tag-cumpleanos","18":"product_tag-dad","19":"product_tag-father","20":"product_tag-hombre","21":"product_tag-men","22":"product_tag-papa","24":"first","25":"instock","26":"shipping-taxable","27":"purchasable","28":"product-type-simple"},"yoast_head":"<!-- This site is optimized with the Yoast SEO plugin v27.5 - https:\/\/yoast.com\/product\/yoast-seo-wordpress\/ -->\n<title>Cheers &amp; Snacks: El Regalo Perfecto - Special Day Surprises<\/title>\n<meta name=\"description\" content=\"Sorprende a esa persona especial con nuestra incre\u00edble bandeja de regalo &quot;Cheers &amp; Snacks&quot;. Esta selecci\u00f3n incluye cervezas y una combinaci\u00f3n de snacks\" \/>\n<meta name=\"robots\" content=\"index, follow, max-snippet:-1, max-image-preview:large, max-video-preview:-1\" \/>\n<link rel=\"canonical\" href=\"https:\/\/specialdaysurprises.com\/en\/product\/cheers-snacks-el-regalo-perfecto\/\" \/>\n<meta property=\"og:locale\" content=\"en_US\" \/>\n<meta property=\"og:type\" content=\"article\" \/>\n<meta property=\"og:title\" content=\"Cheers &amp; Snacks: El Regalo Perfecto - Special Day Surprises\" \/>\n<meta property=\"og:description\" content=\"Sorprende a esa persona especial con nuestra incre\u00edble bandeja de regalo &quot;Cheers &amp; Snacks&quot;. Esta selecci\u00f3n incluye cervezas y una combinaci\u00f3n de snacks\" \/>\n<meta property=\"og:url\" content=\"https:\/\/specialdaysurprises.com\/en\/product\/cheers-snacks-el-regalo-perfecto\/\" \/>\n<meta property=\"og:site_name\" content=\"Special Day Surprises\" \/>\n<meta property=\"article:publisher\" content=\"https:\/\/www.facebook.com\/people\/Special-Day-Surprises\/61557959631212\/\" \/>\n<meta property=\"og:image\" content=\"https:\/\/specialdaysurprises.com\/wp-content\/uploads\/2025\/06\/Photoroom_20250313_195152.jpeg\" \/>\n\t<meta property=\"og:image:width\" content=\"1803\" \/>\n\t<meta property=\"og:image:height\" content=\"2400\" \/>\n\t<meta property=\"og:image:type\" content=\"image\/jpeg\" \/>\n<meta name=\"twitter:card\" content=\"summary_large_image\" \/>\n<meta name=\"twitter:label1\" content=\"Est. reading time\" \/>\n\t<meta name=\"twitter:data1\" content=\"1 minute\" \/>\n<script type=\"application\/ld+json\" class=\"yoast-schema-graph\">{\"@context\":\"https:\\\/\\\/schema.org\",\"@graph\":[{\"@type\":\"WebPage\",\"@id\":\"https:\\\/\\\/specialdaysurprises.com\\\/product\\\/cheers-snacks-el-regalo-perfecto\\\/\",\"url\":\"https:\\\/\\\/specialdaysurprises.com\\\/product\\\/cheers-snacks-el-regalo-perfecto\\\/\",\"name\":\"Cheers & Snacks: El Regalo Perfecto - Special Day Surprises\",\"isPartOf\":{\"@id\":\"https:\\\/\\\/specialdaysurprises.com\\\/#website\"},\"primaryImageOfPage\":{\"@id\":\"https:\\\/\\\/specialdaysurprises.com\\\/product\\\/cheers-snacks-el-regalo-perfecto\\\/#primaryimage\"},\"image\":{\"@id\":\"https:\\\/\\\/specialdaysurprises.com\\\/product\\\/cheers-snacks-el-regalo-perfecto\\\/#primaryimage\"},\"thumbnailUrl\":\"https:\\\/\\\/specialdaysurprises.com\\\/wp-content\\\/uploads\\\/2025\\\/06\\\/Photoroom_20250313_195152.jpeg\",\"datePublished\":\"2025-06-20T21:06:39+00:00\",\"description\":\"Sorprende a esa persona especial con nuestra incre\u00edble bandeja de regalo \\\"Cheers & Snacks\\\". Esta selecci\u00f3n incluye cervezas y una combinaci\u00f3n de snacks\",\"breadcrumb\":{\"@id\":\"https:\\\/\\\/specialdaysurprises.com\\\/product\\\/cheers-snacks-el-regalo-perfecto\\\/#breadcrumb\"},\"inLanguage\":\"en-US\",\"potentialAction\":[{\"@type\":\"ReadAction\",\"target\":[\"https:\\\/\\\/specialdaysurprises.com\\\/product\\\/cheers-snacks-el-regalo-perfecto\\\/\"]}]},{\"@type\":\"ImageObject\",\"inLanguage\":\"en-US\",\"@id\":\"https:\\\/\\\/specialdaysurprises.com\\\/product\\\/cheers-snacks-el-regalo-perfecto\\\/#primaryimage\",\"url\":\"https:\\\/\\\/specialdaysurprises.com\\\/wp-content\\\/uploads\\\/2025\\\/06\\\/Photoroom_20250313_195152.jpeg\",\"contentUrl\":\"https:\\\/\\\/specialdaysurprises.com\\\/wp-content\\\/uploads\\\/2025\\\/06\\\/Photoroom_20250313_195152.jpeg\",\"width\":1803,\"height\":2400,\"caption\":\"Esta selecci\u00f3n premium incluye cervezas y una exquisita combinaci\u00f3n de snacks, ideal para cualquier celebraci\u00f3n o simplemente para alegrar el d\u00eda.\"},{\"@type\":\"BreadcrumbList\",\"@id\":\"https:\\\/\\\/specialdaysurprises.com\\\/product\\\/cheers-snacks-el-regalo-perfecto\\\/#breadcrumb\",\"itemListElement\":[{\"@type\":\"ListItem\",\"position\":1,\"name\":\"Home\",\"item\":\"https:\\\/\\\/specialdaysurprises.com\\\/\"},{\"@type\":\"ListItem\",\"position\":2,\"name\":\"Shop\",\"item\":\"https:\\\/\\\/specialdaysurprises.com\\\/shop\\\/\"},{\"@type\":\"ListItem\",\"position\":3,\"name\":\"Cheers &#038; Snacks: El Regalo Perfecto\"}]},{\"@type\":\"WebSite\",\"@id\":\"https:\\\/\\\/specialdaysurprises.com\\\/#website\",\"url\":\"https:\\\/\\\/specialdaysurprises.com\\\/\",\"name\":\"Special Day Surprises\",\"description\":\"Breakfast Surprise and Gift Baskets\",\"publisher\":{\"@id\":\"https:\\\/\\\/specialdaysurprises.com\\\/#organization\"},\"potentialAction\":[{\"@type\":\"SearchAction\",\"target\":{\"@type\":\"EntryPoint\",\"urlTemplate\":\"https:\\\/\\\/specialdaysurprises.com\\\/?s={search_term_string}\"},\"query-input\":{\"@type\":\"PropertyValueSpecification\",\"valueRequired\":true,\"valueName\":\"search_term_string\"}}],\"inLanguage\":\"en-US\"},{\"@type\":\"Organization\",\"@id\":\"https:\\\/\\\/specialdaysurprises.com\\\/#organization\",\"name\":\"Special Day Surprises\",\"url\":\"https:\\\/\\\/specialdaysurprises.com\\\/\",\"logo\":{\"@type\":\"ImageObject\",\"inLanguage\":\"en-US\",\"@id\":\"https:\\\/\\\/specialdaysurprises.com\\\/#\\\/schema\\\/logo\\\/image\\\/\",\"url\":\"https:\\\/\\\/specialdaysurprises.com\\\/wp-content\\\/uploads\\\/2024\\\/05\\\/cropped-logo-special-day-surprises-ana-X8.png\",\"contentUrl\":\"https:\\\/\\\/specialdaysurprises.com\\\/wp-content\\\/uploads\\\/2024\\\/05\\\/cropped-logo-special-day-surprises-ana-X8.png\",\"width\":320,\"height\":122,\"caption\":\"Special Day Surprises\"},\"image\":{\"@id\":\"https:\\\/\\\/specialdaysurprises.com\\\/#\\\/schema\\\/logo\\\/image\\\/\"},\"sameAs\":[\"https:\\\/\\\/www.facebook.com\\\/people\\\/Special-Day-Surprises\\\/61557959631212\\\/\",\"https:\\\/\\\/www.instagram.com\\\/specialdaysurprises\\\/\"]}]}<\/script>\n<!-- \/ Yoast SEO plugin. -->","yoast_head_json":{"title":"Cheers & Snacks: El Regalo Perfecto - Special Day Surprises","description":"Sorprende a esa persona especial con nuestra incre\u00edble bandeja de regalo \"Cheers & Snacks\". Esta selecci\u00f3n incluye cervezas y una combinaci\u00f3n de snacks","robots":{"index":"index","follow":"follow","max-snippet":"max-snippet:-1","max-image-preview":"max-image-preview:large","max-video-preview":"max-video-preview:-1"},"canonical":"https:\/\/specialdaysurprises.com\/en\/product\/cheers-snacks-el-regalo-perfecto\/","og_locale":"en_US","og_type":"article","og_title":"Cheers & Snacks: El Regalo Perfecto - Special Day Surprises","og_description":"Sorprende a esa persona especial con nuestra incre\u00edble bandeja de regalo \"Cheers & Snacks\". Esta selecci\u00f3n incluye cervezas y una combinaci\u00f3n de snacks","og_url":"https:\/\/specialdaysurprises.com\/en\/product\/cheers-snacks-el-regalo-perfecto\/","og_site_name":"Special Day Surprises","article_publisher":"https:\/\/www.facebook.com\/people\/Special-Day-Surprises\/61557959631212\/","og_image":[{"width":1803,"height":2400,"url":"https:\/\/specialdaysurprises.com\/wp-content\/uploads\/2025\/06\/Photoroom_20250313_195152.jpeg","type":"image\/jpeg"}],"twitter_card":"summary_large_image","twitter_misc":{"Est. reading time":"1 minute"},"schema":{"@context":"https:\/\/schema.org","@graph":[{"@type":"WebPage","@id":"https:\/\/specialdaysurprises.com\/product\/cheers-snacks-el-regalo-perfecto\/","url":"https:\/\/specialdaysurprises.com\/product\/cheers-snacks-el-regalo-perfecto\/","name":"Cheers & Snacks: El Regalo Perfecto - Special Day Surprises","isPartOf":{"@id":"https:\/\/specialdaysurprises.com\/#website"},"primaryImageOfPage":{"@id":"https:\/\/specialdaysurprises.com\/product\/cheers-snacks-el-regalo-perfecto\/#primaryimage"},"image":{"@id":"https:\/\/specialdaysurprises.com\/product\/cheers-snacks-el-regalo-perfecto\/#primaryimage"},"thumbnailUrl":"https:\/\/specialdaysurprises.com\/wp-content\/uploads\/2025\/06\/Photoroom_20250313_195152.jpeg","datePublished":"2025-06-20T21:06:39+00:00","description":"Sorprende a esa persona especial con nuestra incre\u00edble bandeja de regalo \"Cheers & Snacks\". Esta selecci\u00f3n incluye cervezas y una combinaci\u00f3n de snacks","breadcrumb":{"@id":"https:\/\/specialdaysurprises.com\/product\/cheers-snacks-el-regalo-perfecto\/#breadcrumb"},"inLanguage":"en-US","potentialAction":[{"@type":"ReadAction","target":["https:\/\/specialdaysurprises.com\/product\/cheers-snacks-el-regalo-perfecto\/"]}]},{"@type":"ImageObject","inLanguage":"en-US","@id":"https:\/\/specialdaysurprises.com\/product\/cheers-snacks-el-regalo-perfecto\/#primaryimage","url":"https:\/\/specialdaysurprises.com\/wp-content\/uploads\/2025\/06\/Photoroom_20250313_195152.jpeg","contentUrl":"https:\/\/specialdaysurprises.com\/wp-content\/uploads\/2025\/06\/Photoroom_20250313_195152.jpeg","width":1803,"height":2400,"caption":"Esta selecci\u00f3n premium incluye cervezas y una exquisita combinaci\u00f3n de snacks, ideal para cualquier celebraci\u00f3n o simplemente para alegrar el d\u00eda."},{"@type":"BreadcrumbList","@id":"https:\/\/specialdaysurprises.com\/product\/cheers-snacks-el-regalo-perfecto\/#breadcrumb","itemListElement":[{"@type":"ListItem","position":1,"name":"Home","item":"https:\/\/specialdaysurprises.com\/"},{"@type":"ListItem","position":2,"name":"Shop","item":"https:\/\/specialdaysurprises.com\/shop\/"},{"@type":"ListItem","position":3,"name":"Cheers &#038; Snacks: El Regalo Perfecto"}]},{"@type":"WebSite","@id":"https:\/\/specialdaysurprises.com\/#website","url":"https:\/\/specialdaysurprises.com\/","name":"Special Day Surprises","description":"Breakfast Surprise and Gift Baskets","publisher":{"@id":"https:\/\/specialdaysurprises.com\/#organization"},"potentialAction":[{"@type":"SearchAction","target":{"@type":"EntryPoint","urlTemplate":"https:\/\/specialdaysurprises.com\/?s={search_term_string}"},"query-input":{"@type":"PropertyValueSpecification","valueRequired":true,"valueName":"search_term_string"}}],"inLanguage":"en-US"},{"@type":"Organization","@id":"https:\/\/specialdaysurprises.com\/#organization","name":"Special Day Surprises","url":"https:\/\/specialdaysurprises.com\/","logo":{"@type":"ImageObject","inLanguage":"en-US","@id":"https:\/\/specialdaysurprises.com\/#\/schema\/logo\/image\/","url":"https:\/\/specialdaysurprises.com\/wp-content\/uploads\/2024\/05\/cropped-logo-special-day-surprises-ana-X8.png","contentUrl":"https:\/\/specialdaysurprises.com\/wp-content\/uploads\/2024\/05\/cropped-logo-special-day-surprises-ana-X8.png","width":320,"height":122,"caption":"Special Day Surprises"},"image":{"@id":"https:\/\/specialdaysurprises.com\/#\/schema\/logo\/image\/"},"sameAs":["https:\/\/www.facebook.com\/people\/Special-Day-Surprises\/61557959631212\/","https:\/\/www.instagram.com\/specialdaysurprises\/"]}]}},"_links":{"self":[{"href":"https:\/\/specialdaysurprises.com\/en\/wp-json\/wp\/v2\/product\/820","targetHints":{"allow":["GET"]}}],"collection":[{"href":"https:\/\/specialdaysurprises.com\/en\/wp-json\/wp\/v2\/product"}],"about":[{"href":"https:\/\/specialdaysurprises.com\/en\/wp-json\/wp\/v2\/types\/product"}],"replies":[{"embeddable":true,"href":"https:\/\/specialdaysurprises.com\/en\/wp-json\/wp\/v2\/comments?post=820"}],"wp:featuredmedia":[{"embeddable":true,"href":"https:\/\/specialdaysurprises.com\/en\/wp-json\/wp\/v2\/media\/821"}],"wp:attachment":[{"href":"https:\/\/specialdaysurprises.com\/en\/wp-json\/wp\/v2\/media?parent=820"}],"wp:term":[{"taxonomy":"product_brand","embeddable":true,"href":"https:\/\/specialdaysurprises.com\/en\/wp-json\/wp\/v2\/product_brand?post=820"},{"taxonomy":"product_cat","embeddable":true,"href":"https:\/\/specialdaysurprises.com\/en\/wp-json\/wp\/v2\/product_cat?post=820"},{"taxonomy":"product_tag","embeddable":true,"href":"https:\/\/specialdaysurprises.com\/en\/wp-json\/wp\/v2\/product_tag?post=820"}],"curies":[{"name":"wp","href":"https:\/\/api.w.org\/{rel}","templated":true}]}}