{"id":797,"date":"2025-03-14T16:03:29","date_gmt":"2025-03-14T16:03:29","guid":{"rendered":"https:\/\/specialdaysurprises.com\/?post_type=product&#038;p=797"},"modified":"2025-03-14T16:10:25","modified_gmt":"2025-03-14T16:10:25","slug":"peluche-chocolate-y-flores","status":"publish","type":"product","link":"https:\/\/specialdaysurprises.com\/en\/product\/peluche-chocolate-y-flores\/","title":{"rendered":"Peluche Chocolate y Flores"},"content":{"rendered":"<p><b>Peluche con flores y chocolates\u00a0<\/b><\/p>\n<p>\u00a1No podr\u00e1s resistirte a esta ternura! Este arreglo con un peluche, flores y chocolates est\u00e1 causando sensaci\u00f3n. \u00a1No te pierdas el tuyo! Ordena ahora y sorprende a esa persona especial.<\/p>\n<p><strong>\u00a0Contents:<\/strong><\/p>\n<ul>\n<li>Peluche<\/li>\n<li>Flores<\/li>\n<li>Chocolates<\/li>\n<\/ul>\n<p><strong>Notes:<\/strong><\/p>\n<ul>\n<li><strong>Any products must be ordered a minimum of 24 hours in advance.<\/strong><\/li>\n<li>We are eager to discuss any special design or product requests, price could change.<\/li>\n<li>Each breakfast is custom made and substitutions may be necessary. Your order will be produced as closely as possible to the picture.<\/li>\n<\/ul>","protected":false},"excerpt":{"rendered":"<p style=\"text-align: left;\">\u00a1No podr\u00e1s resistirte a esta ternura! Este arreglo con un peluche, flores y chocolates est\u00e1 causando sensaci\u00f3n. \u00a1No te pierdas el tuyo! Ordena ahora y sorprende a esa persona especial.<\/p>","protected":false},"featured_media":809,"comment_status":"open","ping_status":"closed","template":"","meta":{"_coblocks_attr":"","_coblocks_dimensions":"","_coblocks_responsive_height":"","_coblocks_accordion_ie_support":""},"product_brand":[],"product_cat":[36,56,11,102],"product_tag":[39,37,98,99],"class_list":{"0":"post-797","1":"product","2":"type-product","3":"status-publish","4":"has-post-thumbnail","6":"product_cat-cumpleanos","7":"product_cat-love","8":"product_cat-mothers-day","9":"product_cat-snacks","10":"product_tag-birthday","11":"product_tag-cumpleanos","12":"product_tag-oso","13":"product_tag-peluche","15":"first","16":"instock","17":"featured","18":"shipping-taxable","19":"purchasable","20":"product-type-simple"},"yoast_head":"<!-- This site is optimized with the Yoast SEO plugin v27.5 - https:\/\/yoast.com\/product\/yoast-seo-wordpress\/ -->\n<title>Peluche con flores y chocolates<\/title>\n<meta name=\"description\" content=\"\u00a1No podr\u00e1s resistirte a esta ternura! Este arreglo con un peluche, flores y chocolates est\u00e1 causando sensaci\u00f3n. \u00a1No te pierdas el tuyo! Ordena ahora y sorprende a esa persona especial.\" \/>\n<meta name=\"robots\" content=\"index, follow, max-snippet:-1, max-image-preview:large, max-video-preview:-1\" \/>\n<link rel=\"canonical\" href=\"https:\/\/specialdaysurprises.com\/en\/product\/peluche-chocolate-y-flores\/\" \/>\n<meta property=\"og:locale\" content=\"en_US\" \/>\n<meta property=\"og:type\" content=\"article\" \/>\n<meta property=\"og:title\" content=\"Peluche con flores y chocolates\" \/>\n<meta property=\"og:description\" content=\"\u00a1No podr\u00e1s resistirte a esta ternura! Este arreglo con un peluche, flores y chocolates est\u00e1 causando sensaci\u00f3n. \u00a1No te pierdas el tuyo! Ordena ahora y sorprende a esa persona especial.\" \/>\n<meta property=\"og:url\" content=\"https:\/\/specialdaysurprises.com\/en\/product\/peluche-chocolate-y-flores\/\" \/>\n<meta property=\"og:site_name\" content=\"Special Day Surprises\" \/>\n<meta property=\"article:publisher\" content=\"https:\/\/www.facebook.com\/people\/Special-Day-Surprises\/61557959631212\/\" \/>\n<meta property=\"article:modified_time\" content=\"2025-03-14T16:10:25+00:00\" \/>\n<meta property=\"og:image\" content=\"https:\/\/specialdaysurprises.com\/wp-content\/uploads\/2025\/03\/Photoroom_20250310_105014.jpeg\" \/>\n\t<meta property=\"og:image:width\" content=\"2400\" \/>\n\t<meta property=\"og:image:height\" content=\"2400\" \/>\n\t<meta property=\"og:image:type\" content=\"image\/jpeg\" \/>\n<meta name=\"twitter:card\" content=\"summary_large_image\" \/>\n<meta name=\"twitter:label1\" content=\"Est. reading time\" \/>\n\t<meta name=\"twitter:data1\" content=\"1 minute\" \/>\n<script type=\"application\/ld+json\" class=\"yoast-schema-graph\">{\"@context\":\"https:\\\/\\\/schema.org\",\"@graph\":[{\"@type\":\"WebPage\",\"@id\":\"https:\\\/\\\/specialdaysurprises.com\\\/product\\\/peluche-chocolate-y-flores\\\/\",\"url\":\"https:\\\/\\\/specialdaysurprises.com\\\/product\\\/peluche-chocolate-y-flores\\\/\",\"name\":\"Peluche con flores y chocolates\",\"isPartOf\":{\"@id\":\"https:\\\/\\\/specialdaysurprises.com\\\/#website\"},\"primaryImageOfPage\":{\"@id\":\"https:\\\/\\\/specialdaysurprises.com\\\/product\\\/peluche-chocolate-y-flores\\\/#primaryimage\"},\"image\":{\"@id\":\"https:\\\/\\\/specialdaysurprises.com\\\/product\\\/peluche-chocolate-y-flores\\\/#primaryimage\"},\"thumbnailUrl\":\"https:\\\/\\\/specialdaysurprises.com\\\/wp-content\\\/uploads\\\/2025\\\/03\\\/Photoroom_20250310_105014.jpeg\",\"datePublished\":\"2025-03-14T16:03:29+00:00\",\"dateModified\":\"2025-03-14T16:10:25+00:00\",\"description\":\"\u00a1No podr\u00e1s resistirte a esta ternura! Este arreglo con un peluche, flores y chocolates est\u00e1 causando sensaci\u00f3n. \u00a1No te pierdas el tuyo! Ordena ahora y sorprende a esa persona especial.\",\"breadcrumb\":{\"@id\":\"https:\\\/\\\/specialdaysurprises.com\\\/product\\\/peluche-chocolate-y-flores\\\/#breadcrumb\"},\"inLanguage\":\"en-US\",\"potentialAction\":[{\"@type\":\"ReadAction\",\"target\":[\"https:\\\/\\\/specialdaysurprises.com\\\/product\\\/peluche-chocolate-y-flores\\\/\"]}]},{\"@type\":\"ImageObject\",\"inLanguage\":\"en-US\",\"@id\":\"https:\\\/\\\/specialdaysurprises.com\\\/product\\\/peluche-chocolate-y-flores\\\/#primaryimage\",\"url\":\"https:\\\/\\\/specialdaysurprises.com\\\/wp-content\\\/uploads\\\/2025\\\/03\\\/Photoroom_20250310_105014.jpeg\",\"contentUrl\":\"https:\\\/\\\/specialdaysurprises.com\\\/wp-content\\\/uploads\\\/2025\\\/03\\\/Photoroom_20250310_105014.jpeg\",\"width\":2400,\"height\":2400},{\"@type\":\"BreadcrumbList\",\"@id\":\"https:\\\/\\\/specialdaysurprises.com\\\/product\\\/peluche-chocolate-y-flores\\\/#breadcrumb\",\"itemListElement\":[{\"@type\":\"ListItem\",\"position\":1,\"name\":\"Home\",\"item\":\"https:\\\/\\\/specialdaysurprises.com\\\/\"},{\"@type\":\"ListItem\",\"position\":2,\"name\":\"Shop\",\"item\":\"https:\\\/\\\/specialdaysurprises.com\\\/shop\\\/\"},{\"@type\":\"ListItem\",\"position\":3,\"name\":\"Peluche Chocolate y Flores\"}]},{\"@type\":\"WebSite\",\"@id\":\"https:\\\/\\\/specialdaysurprises.com\\\/#website\",\"url\":\"https:\\\/\\\/specialdaysurprises.com\\\/\",\"name\":\"Special Day Surprises\",\"description\":\"Breakfast Surprise and Gift Baskets\",\"publisher\":{\"@id\":\"https:\\\/\\\/specialdaysurprises.com\\\/#organization\"},\"potentialAction\":[{\"@type\":\"SearchAction\",\"target\":{\"@type\":\"EntryPoint\",\"urlTemplate\":\"https:\\\/\\\/specialdaysurprises.com\\\/?s={search_term_string}\"},\"query-input\":{\"@type\":\"PropertyValueSpecification\",\"valueRequired\":true,\"valueName\":\"search_term_string\"}}],\"inLanguage\":\"en-US\"},{\"@type\":\"Organization\",\"@id\":\"https:\\\/\\\/specialdaysurprises.com\\\/#organization\",\"name\":\"Special Day Surprises\",\"url\":\"https:\\\/\\\/specialdaysurprises.com\\\/\",\"logo\":{\"@type\":\"ImageObject\",\"inLanguage\":\"en-US\",\"@id\":\"https:\\\/\\\/specialdaysurprises.com\\\/#\\\/schema\\\/logo\\\/image\\\/\",\"url\":\"https:\\\/\\\/specialdaysurprises.com\\\/wp-content\\\/uploads\\\/2024\\\/05\\\/cropped-logo-special-day-surprises-ana-X8.png\",\"contentUrl\":\"https:\\\/\\\/specialdaysurprises.com\\\/wp-content\\\/uploads\\\/2024\\\/05\\\/cropped-logo-special-day-surprises-ana-X8.png\",\"width\":320,\"height\":122,\"caption\":\"Special Day Surprises\"},\"image\":{\"@id\":\"https:\\\/\\\/specialdaysurprises.com\\\/#\\\/schema\\\/logo\\\/image\\\/\"},\"sameAs\":[\"https:\\\/\\\/www.facebook.com\\\/people\\\/Special-Day-Surprises\\\/61557959631212\\\/\",\"https:\\\/\\\/www.instagram.com\\\/specialdaysurprises\\\/\"]}]}<\/script>\n<!-- \/ Yoast SEO plugin. -->","yoast_head_json":{"title":"Peluche con flores y chocolates","description":"\u00a1No podr\u00e1s resistirte a esta ternura! Este arreglo con un peluche, flores y chocolates est\u00e1 causando sensaci\u00f3n. \u00a1No te pierdas el tuyo! Ordena ahora y sorprende a esa persona especial.","robots":{"index":"index","follow":"follow","max-snippet":"max-snippet:-1","max-image-preview":"max-image-preview:large","max-video-preview":"max-video-preview:-1"},"canonical":"https:\/\/specialdaysurprises.com\/en\/product\/peluche-chocolate-y-flores\/","og_locale":"en_US","og_type":"article","og_title":"Peluche con flores y chocolates","og_description":"\u00a1No podr\u00e1s resistirte a esta ternura! Este arreglo con un peluche, flores y chocolates est\u00e1 causando sensaci\u00f3n. \u00a1No te pierdas el tuyo! Ordena ahora y sorprende a esa persona especial.","og_url":"https:\/\/specialdaysurprises.com\/en\/product\/peluche-chocolate-y-flores\/","og_site_name":"Special Day Surprises","article_publisher":"https:\/\/www.facebook.com\/people\/Special-Day-Surprises\/61557959631212\/","article_modified_time":"2025-03-14T16:10:25+00:00","og_image":[{"width":2400,"height":2400,"url":"https:\/\/specialdaysurprises.com\/wp-content\/uploads\/2025\/03\/Photoroom_20250310_105014.jpeg","type":"image\/jpeg"}],"twitter_card":"summary_large_image","twitter_misc":{"Est. reading time":"1 minute"},"schema":{"@context":"https:\/\/schema.org","@graph":[{"@type":"WebPage","@id":"https:\/\/specialdaysurprises.com\/product\/peluche-chocolate-y-flores\/","url":"https:\/\/specialdaysurprises.com\/product\/peluche-chocolate-y-flores\/","name":"Peluche con flores y chocolates","isPartOf":{"@id":"https:\/\/specialdaysurprises.com\/#website"},"primaryImageOfPage":{"@id":"https:\/\/specialdaysurprises.com\/product\/peluche-chocolate-y-flores\/#primaryimage"},"image":{"@id":"https:\/\/specialdaysurprises.com\/product\/peluche-chocolate-y-flores\/#primaryimage"},"thumbnailUrl":"https:\/\/specialdaysurprises.com\/wp-content\/uploads\/2025\/03\/Photoroom_20250310_105014.jpeg","datePublished":"2025-03-14T16:03:29+00:00","dateModified":"2025-03-14T16:10:25+00:00","description":"\u00a1No podr\u00e1s resistirte a esta ternura! Este arreglo con un peluche, flores y chocolates est\u00e1 causando sensaci\u00f3n. \u00a1No te pierdas el tuyo! Ordena ahora y sorprende a esa persona especial.","breadcrumb":{"@id":"https:\/\/specialdaysurprises.com\/product\/peluche-chocolate-y-flores\/#breadcrumb"},"inLanguage":"en-US","potentialAction":[{"@type":"ReadAction","target":["https:\/\/specialdaysurprises.com\/product\/peluche-chocolate-y-flores\/"]}]},{"@type":"ImageObject","inLanguage":"en-US","@id":"https:\/\/specialdaysurprises.com\/product\/peluche-chocolate-y-flores\/#primaryimage","url":"https:\/\/specialdaysurprises.com\/wp-content\/uploads\/2025\/03\/Photoroom_20250310_105014.jpeg","contentUrl":"https:\/\/specialdaysurprises.com\/wp-content\/uploads\/2025\/03\/Photoroom_20250310_105014.jpeg","width":2400,"height":2400},{"@type":"BreadcrumbList","@id":"https:\/\/specialdaysurprises.com\/product\/peluche-chocolate-y-flores\/#breadcrumb","itemListElement":[{"@type":"ListItem","position":1,"name":"Home","item":"https:\/\/specialdaysurprises.com\/"},{"@type":"ListItem","position":2,"name":"Shop","item":"https:\/\/specialdaysurprises.com\/shop\/"},{"@type":"ListItem","position":3,"name":"Peluche Chocolate y Flores"}]},{"@type":"WebSite","@id":"https:\/\/specialdaysurprises.com\/#website","url":"https:\/\/specialdaysurprises.com\/","name":"Special Day Surprises","description":"Breakfast Surprise and Gift Baskets","publisher":{"@id":"https:\/\/specialdaysurprises.com\/#organization"},"potentialAction":[{"@type":"SearchAction","target":{"@type":"EntryPoint","urlTemplate":"https:\/\/specialdaysurprises.com\/?s={search_term_string}"},"query-input":{"@type":"PropertyValueSpecification","valueRequired":true,"valueName":"search_term_string"}}],"inLanguage":"en-US"},{"@type":"Organization","@id":"https:\/\/specialdaysurprises.com\/#organization","name":"Special Day Surprises","url":"https:\/\/specialdaysurprises.com\/","logo":{"@type":"ImageObject","inLanguage":"en-US","@id":"https:\/\/specialdaysurprises.com\/#\/schema\/logo\/image\/","url":"https:\/\/specialdaysurprises.com\/wp-content\/uploads\/2024\/05\/cropped-logo-special-day-surprises-ana-X8.png","contentUrl":"https:\/\/specialdaysurprises.com\/wp-content\/uploads\/2024\/05\/cropped-logo-special-day-surprises-ana-X8.png","width":320,"height":122,"caption":"Special Day Surprises"},"image":{"@id":"https:\/\/specialdaysurprises.com\/#\/schema\/logo\/image\/"},"sameAs":["https:\/\/www.facebook.com\/people\/Special-Day-Surprises\/61557959631212\/","https:\/\/www.instagram.com\/specialdaysurprises\/"]}]}},"_links":{"self":[{"href":"https:\/\/specialdaysurprises.com\/en\/wp-json\/wp\/v2\/product\/797","targetHints":{"allow":["GET"]}}],"collection":[{"href":"https:\/\/specialdaysurprises.com\/en\/wp-json\/wp\/v2\/product"}],"about":[{"href":"https:\/\/specialdaysurprises.com\/en\/wp-json\/wp\/v2\/types\/product"}],"replies":[{"embeddable":true,"href":"https:\/\/specialdaysurprises.com\/en\/wp-json\/wp\/v2\/comments?post=797"}],"wp:featuredmedia":[{"embeddable":true,"href":"https:\/\/specialdaysurprises.com\/en\/wp-json\/wp\/v2\/media\/809"}],"wp:attachment":[{"href":"https:\/\/specialdaysurprises.com\/en\/wp-json\/wp\/v2\/media?parent=797"}],"wp:term":[{"taxonomy":"product_brand","embeddable":true,"href":"https:\/\/specialdaysurprises.com\/en\/wp-json\/wp\/v2\/product_brand?post=797"},{"taxonomy":"product_cat","embeddable":true,"href":"https:\/\/specialdaysurprises.com\/en\/wp-json\/wp\/v2\/product_cat?post=797"},{"taxonomy":"product_tag","embeddable":true,"href":"https:\/\/specialdaysurprises.com\/en\/wp-json\/wp\/v2\/product_tag?post=797"}],"curies":[{"name":"wp","href":"https:\/\/api.w.org\/{rel}","templated":true}]}}