{"id":629,"date":"2024-04-07T18:16:23","date_gmt":"2024-04-07T18:16:23","guid":{"rendered":"https:\/\/specialdaysurprises.com\/?post_type=product&#038;p=629"},"modified":"2024-06-22T13:42:40","modified_gmt":"2024-06-22T13:42:40","slug":"canasta-sorpresa-para-papa","status":"publish","type":"product","link":"https:\/\/specialdaysurprises.com\/en\/product\/canasta-sorpresa-para-papa\/","title":{"rendered":"Dad's Basket Surprise"},"content":{"rendered":"<p><strong>Gift Basket for Dad<\/strong><\/p>\n<p>Treat Dad to a special surprise this Father's Day with our amazing gift basket! Start his day off right with a mouth-watering selection of snacks and drinks to have a fun time in his favorite hobbie. Surprise Dad with a memorable experience that shows your love and appreciation. This thoughtful gift is sure to make his day extra special! Simply place your order, and we'll deliver the Father's Day Surprise right to Dad's doorstep on the morning of Father's Day. It's the perfect way to start his day with a smile! Order Now and Make Dad's Day!<\/p>\n<p><strong>Breakfast choice content:<\/strong><\/p>\n<ul>\n<li>Sandwich and pancakes<\/li>\n<li>Fresh Fruit Blend<\/li>\n<li>Jumbo Cupcake<\/li>\n<li>Orange juice<\/li>\n<li>Ice Coffee Starbucks Frappuccino<\/li>\n<li>2 Kinder's Seasoning<\/li>\n<li>Apron<\/li>\n<li>Balloon Decoration<\/li>\n<li>Oval Basket 18\"<\/li>\n<\/ul>\n<p><strong>Snacks choice content:<\/strong><\/p>\n<ul>\n<li>Nocho Nachos<\/li>\n<li>Tortilla Chips<\/li>\n<li>Spicy Salsa<\/li>\n<li>Peanuts<\/li>\n<li>3 Beers<\/li>\n<li>2 Kinder's Seasoning<\/li>\n<li>Apron<\/li>\n<li>Balloon Decoration<\/li>\n<li>Oval Basket 18\"<\/li>\n<\/ul>\n<p><strong>Notes:<\/strong><\/p>\n<ul>\n<li><strong>Any products must be ordered a minimum of 24 hours in advance.<\/strong><\/li>\n<li>We are eager to discuss any special design or product requests, price could change.<\/li>\n<li>Each breakfast is custom made and substitutions may be necessary. Your order will be produced as closely as possible to the picture.<\/li>\n<\/ul>","protected":false},"excerpt":{"rendered":"<p>Treat Dad to a special surprise this Father's Day with our amazing Grill Basket! Start his day off right with a mouth-watering selection of snacks and his favorite drink, seasonings and a father's day apron pefect for his day. Surprise Dad with a memorable experience that shows your love and appreciation. This thoughtful gift is sure to make his day extra special!<\/p>","protected":false},"featured_media":628,"comment_status":"open","ping_status":"closed","template":"","meta":{"_coblocks_attr":"","_coblocks_dimensions":"","_coblocks_responsive_height":"","_coblocks_accordion_ie_support":""},"product_brand":[],"product_cat":[12,124,125],"product_tag":[38,41,32,128,13,127,133,140,141,139,110,126],"class_list":{"0":"post-629","1":"product","2":"type-product","3":"status-publish","4":"has-post-thumbnail","6":"product_cat-desayunos","7":"product_cat-fathers-day","8":"product_cat-men","9":"product_tag-basket","10":"product_tag-breakfast","11":"product_tag-canasta","12":"product_tag-dad","13":"product_tag-desayuno","14":"product_tag-father","15":"product_tag-fathers","16":"product_tag-grill","17":"product_tag-men","18":"product_tag-orange","19":"product_tag-otros","20":"product_tag-papa","22":"first","23":"instock","24":"shipping-taxable","25":"purchasable","26":"product-type-variable","27":"has-default-attributes"},"yoast_head":"<!-- This site is optimized with the Yoast SEO plugin v27.5 - https:\/\/yoast.com\/product\/yoast-seo-wordpress\/ -->\n<title>Canasta sorpresa para pap\u00e1 - Special Day Surprises<\/title>\n<meta name=\"description\" content=\"Deja que pap\u00e1 comience el d\u00eda con una sonrisa en el rostro y el est\u00f3mago satisfecho con esta deliciosa sorpresa matutina del d\u00eda del Padre\" \/>\n<meta name=\"robots\" content=\"index, follow, max-snippet:-1, max-image-preview:large, max-video-preview:-1\" \/>\n<link rel=\"canonical\" href=\"https:\/\/specialdaysurprises.com\/en\/product\/canasta-sorpresa-para-papa\/\" \/>\n<meta property=\"og:locale\" content=\"en_US\" \/>\n<meta property=\"og:type\" content=\"article\" \/>\n<meta property=\"og:title\" content=\"Canasta sorpresa para pap\u00e1 - Special Day Surprises\" \/>\n<meta property=\"og:description\" content=\"Deja que pap\u00e1 comience el d\u00eda con una sonrisa en el rostro y el est\u00f3mago satisfecho con esta deliciosa sorpresa matutina del d\u00eda del Padre\" \/>\n<meta property=\"og:url\" content=\"https:\/\/specialdaysurprises.com\/en\/product\/canasta-sorpresa-para-papa\/\" \/>\n<meta property=\"og:site_name\" content=\"Special Day Surprises\" \/>\n<meta property=\"article:publisher\" content=\"https:\/\/www.facebook.com\/people\/Special-Day-Surprises\/61557959631212\/\" \/>\n<meta property=\"article:modified_time\" content=\"2024-06-22T13:42:40+00:00\" \/>\n<meta property=\"og:image\" content=\"https:\/\/specialdaysurprises.com\/wp-content\/uploads\/2024\/06\/fathers-day-3.jpg\" \/>\n\t<meta property=\"og:image:width\" content=\"1170\" \/>\n\t<meta property=\"og:image:height\" content=\"1601\" \/>\n\t<meta property=\"og:image:type\" content=\"image\/jpeg\" \/>\n<meta name=\"twitter:card\" content=\"summary_large_image\" \/>\n<meta name=\"twitter:label1\" content=\"Est. reading time\" \/>\n\t<meta name=\"twitter:data1\" content=\"1 minute\" \/>\n<script type=\"application\/ld+json\" class=\"yoast-schema-graph\">{\"@context\":\"https:\\\/\\\/schema.org\",\"@graph\":[{\"@type\":\"WebPage\",\"@id\":\"https:\\\/\\\/specialdaysurprises.com\\\/product\\\/canasta-sorpresa-para-papa\\\/\",\"url\":\"https:\\\/\\\/specialdaysurprises.com\\\/product\\\/canasta-sorpresa-para-papa\\\/\",\"name\":\"Canasta sorpresa para pap\u00e1 - Special Day Surprises\",\"isPartOf\":{\"@id\":\"https:\\\/\\\/specialdaysurprises.com\\\/#website\"},\"primaryImageOfPage\":{\"@id\":\"https:\\\/\\\/specialdaysurprises.com\\\/product\\\/canasta-sorpresa-para-papa\\\/#primaryimage\"},\"image\":{\"@id\":\"https:\\\/\\\/specialdaysurprises.com\\\/product\\\/canasta-sorpresa-para-papa\\\/#primaryimage\"},\"thumbnailUrl\":\"https:\\\/\\\/specialdaysurprises.com\\\/wp-content\\\/uploads\\\/2024\\\/06\\\/fathers-day-3.jpg\",\"datePublished\":\"2024-04-07T18:16:23+00:00\",\"dateModified\":\"2024-06-22T13:42:40+00:00\",\"description\":\"Deja que pap\u00e1 comience el d\u00eda con una sonrisa en el rostro y el est\u00f3mago satisfecho con esta deliciosa sorpresa matutina del d\u00eda del Padre\",\"breadcrumb\":{\"@id\":\"https:\\\/\\\/specialdaysurprises.com\\\/product\\\/canasta-sorpresa-para-papa\\\/#breadcrumb\"},\"inLanguage\":\"en-US\",\"potentialAction\":[{\"@type\":\"ReadAction\",\"target\":[\"https:\\\/\\\/specialdaysurprises.com\\\/product\\\/canasta-sorpresa-para-papa\\\/\"]}]},{\"@type\":\"ImageObject\",\"inLanguage\":\"en-US\",\"@id\":\"https:\\\/\\\/specialdaysurprises.com\\\/product\\\/canasta-sorpresa-para-papa\\\/#primaryimage\",\"url\":\"https:\\\/\\\/specialdaysurprises.com\\\/wp-content\\\/uploads\\\/2024\\\/06\\\/fathers-day-3.jpg\",\"contentUrl\":\"https:\\\/\\\/specialdaysurprises.com\\\/wp-content\\\/uploads\\\/2024\\\/06\\\/fathers-day-3.jpg\",\"width\":1170,\"height\":1601},{\"@type\":\"BreadcrumbList\",\"@id\":\"https:\\\/\\\/specialdaysurprises.com\\\/product\\\/canasta-sorpresa-para-papa\\\/#breadcrumb\",\"itemListElement\":[{\"@type\":\"ListItem\",\"position\":1,\"name\":\"Home\",\"item\":\"https:\\\/\\\/specialdaysurprises.com\\\/\"},{\"@type\":\"ListItem\",\"position\":2,\"name\":\"Shop\",\"item\":\"https:\\\/\\\/specialdaysurprises.com\\\/shop\\\/\"},{\"@type\":\"ListItem\",\"position\":3,\"name\":\"Canasta sorpresa para Pap\u00e1\"}]},{\"@type\":\"WebSite\",\"@id\":\"https:\\\/\\\/specialdaysurprises.com\\\/#website\",\"url\":\"https:\\\/\\\/specialdaysurprises.com\\\/\",\"name\":\"Special Day Surprises\",\"description\":\"Breakfast Surprise and Gift Baskets\",\"publisher\":{\"@id\":\"https:\\\/\\\/specialdaysurprises.com\\\/#organization\"},\"potentialAction\":[{\"@type\":\"SearchAction\",\"target\":{\"@type\":\"EntryPoint\",\"urlTemplate\":\"https:\\\/\\\/specialdaysurprises.com\\\/?s={search_term_string}\"},\"query-input\":{\"@type\":\"PropertyValueSpecification\",\"valueRequired\":true,\"valueName\":\"search_term_string\"}}],\"inLanguage\":\"en-US\"},{\"@type\":\"Organization\",\"@id\":\"https:\\\/\\\/specialdaysurprises.com\\\/#organization\",\"name\":\"Special Day Surprises\",\"url\":\"https:\\\/\\\/specialdaysurprises.com\\\/\",\"logo\":{\"@type\":\"ImageObject\",\"inLanguage\":\"en-US\",\"@id\":\"https:\\\/\\\/specialdaysurprises.com\\\/#\\\/schema\\\/logo\\\/image\\\/\",\"url\":\"https:\\\/\\\/specialdaysurprises.com\\\/wp-content\\\/uploads\\\/2024\\\/05\\\/cropped-logo-special-day-surprises-ana-X8.png\",\"contentUrl\":\"https:\\\/\\\/specialdaysurprises.com\\\/wp-content\\\/uploads\\\/2024\\\/05\\\/cropped-logo-special-day-surprises-ana-X8.png\",\"width\":320,\"height\":122,\"caption\":\"Special Day Surprises\"},\"image\":{\"@id\":\"https:\\\/\\\/specialdaysurprises.com\\\/#\\\/schema\\\/logo\\\/image\\\/\"},\"sameAs\":[\"https:\\\/\\\/www.facebook.com\\\/people\\\/Special-Day-Surprises\\\/61557959631212\\\/\",\"https:\\\/\\\/www.instagram.com\\\/specialdaysurprises\\\/\"]}]}<\/script>\n<!-- \/ Yoast SEO plugin. -->","yoast_head_json":{"title":"Canasta sorpresa para pap\u00e1 - Special Day Surprises","description":"Deja que pap\u00e1 comience el d\u00eda con una sonrisa en el rostro y el est\u00f3mago satisfecho con esta deliciosa sorpresa matutina del d\u00eda del Padre","robots":{"index":"index","follow":"follow","max-snippet":"max-snippet:-1","max-image-preview":"max-image-preview:large","max-video-preview":"max-video-preview:-1"},"canonical":"https:\/\/specialdaysurprises.com\/en\/product\/canasta-sorpresa-para-papa\/","og_locale":"en_US","og_type":"article","og_title":"Canasta sorpresa para pap\u00e1 - Special Day Surprises","og_description":"Deja que pap\u00e1 comience el d\u00eda con una sonrisa en el rostro y el est\u00f3mago satisfecho con esta deliciosa sorpresa matutina del d\u00eda del Padre","og_url":"https:\/\/specialdaysurprises.com\/en\/product\/canasta-sorpresa-para-papa\/","og_site_name":"Special Day Surprises","article_publisher":"https:\/\/www.facebook.com\/people\/Special-Day-Surprises\/61557959631212\/","article_modified_time":"2024-06-22T13:42:40+00:00","og_image":[{"width":1170,"height":1601,"url":"https:\/\/specialdaysurprises.com\/wp-content\/uploads\/2024\/06\/fathers-day-3.jpg","type":"image\/jpeg"}],"twitter_card":"summary_large_image","twitter_misc":{"Est. reading time":"1 minute"},"schema":{"@context":"https:\/\/schema.org","@graph":[{"@type":"WebPage","@id":"https:\/\/specialdaysurprises.com\/product\/canasta-sorpresa-para-papa\/","url":"https:\/\/specialdaysurprises.com\/product\/canasta-sorpresa-para-papa\/","name":"Canasta sorpresa para pap\u00e1 - Special Day Surprises","isPartOf":{"@id":"https:\/\/specialdaysurprises.com\/#website"},"primaryImageOfPage":{"@id":"https:\/\/specialdaysurprises.com\/product\/canasta-sorpresa-para-papa\/#primaryimage"},"image":{"@id":"https:\/\/specialdaysurprises.com\/product\/canasta-sorpresa-para-papa\/#primaryimage"},"thumbnailUrl":"https:\/\/specialdaysurprises.com\/wp-content\/uploads\/2024\/06\/fathers-day-3.jpg","datePublished":"2024-04-07T18:16:23+00:00","dateModified":"2024-06-22T13:42:40+00:00","description":"Deja que pap\u00e1 comience el d\u00eda con una sonrisa en el rostro y el est\u00f3mago satisfecho con esta deliciosa sorpresa matutina del d\u00eda del Padre","breadcrumb":{"@id":"https:\/\/specialdaysurprises.com\/product\/canasta-sorpresa-para-papa\/#breadcrumb"},"inLanguage":"en-US","potentialAction":[{"@type":"ReadAction","target":["https:\/\/specialdaysurprises.com\/product\/canasta-sorpresa-para-papa\/"]}]},{"@type":"ImageObject","inLanguage":"en-US","@id":"https:\/\/specialdaysurprises.com\/product\/canasta-sorpresa-para-papa\/#primaryimage","url":"https:\/\/specialdaysurprises.com\/wp-content\/uploads\/2024\/06\/fathers-day-3.jpg","contentUrl":"https:\/\/specialdaysurprises.com\/wp-content\/uploads\/2024\/06\/fathers-day-3.jpg","width":1170,"height":1601},{"@type":"BreadcrumbList","@id":"https:\/\/specialdaysurprises.com\/product\/canasta-sorpresa-para-papa\/#breadcrumb","itemListElement":[{"@type":"ListItem","position":1,"name":"Home","item":"https:\/\/specialdaysurprises.com\/"},{"@type":"ListItem","position":2,"name":"Shop","item":"https:\/\/specialdaysurprises.com\/shop\/"},{"@type":"ListItem","position":3,"name":"Canasta sorpresa para Pap\u00e1"}]},{"@type":"WebSite","@id":"https:\/\/specialdaysurprises.com\/#website","url":"https:\/\/specialdaysurprises.com\/","name":"Special Day Surprises","description":"Breakfast Surprise and Gift Baskets","publisher":{"@id":"https:\/\/specialdaysurprises.com\/#organization"},"potentialAction":[{"@type":"SearchAction","target":{"@type":"EntryPoint","urlTemplate":"https:\/\/specialdaysurprises.com\/?s={search_term_string}"},"query-input":{"@type":"PropertyValueSpecification","valueRequired":true,"valueName":"search_term_string"}}],"inLanguage":"en-US"},{"@type":"Organization","@id":"https:\/\/specialdaysurprises.com\/#organization","name":"Special Day Surprises","url":"https:\/\/specialdaysurprises.com\/","logo":{"@type":"ImageObject","inLanguage":"en-US","@id":"https:\/\/specialdaysurprises.com\/#\/schema\/logo\/image\/","url":"https:\/\/specialdaysurprises.com\/wp-content\/uploads\/2024\/05\/cropped-logo-special-day-surprises-ana-X8.png","contentUrl":"https:\/\/specialdaysurprises.com\/wp-content\/uploads\/2024\/05\/cropped-logo-special-day-surprises-ana-X8.png","width":320,"height":122,"caption":"Special Day Surprises"},"image":{"@id":"https:\/\/specialdaysurprises.com\/#\/schema\/logo\/image\/"},"sameAs":["https:\/\/www.facebook.com\/people\/Special-Day-Surprises\/61557959631212\/","https:\/\/www.instagram.com\/specialdaysurprises\/"]}]}},"_links":{"self":[{"href":"https:\/\/specialdaysurprises.com\/en\/wp-json\/wp\/v2\/product\/629","targetHints":{"allow":["GET"]}}],"collection":[{"href":"https:\/\/specialdaysurprises.com\/en\/wp-json\/wp\/v2\/product"}],"about":[{"href":"https:\/\/specialdaysurprises.com\/en\/wp-json\/wp\/v2\/types\/product"}],"replies":[{"embeddable":true,"href":"https:\/\/specialdaysurprises.com\/en\/wp-json\/wp\/v2\/comments?post=629"}],"wp:featuredmedia":[{"embeddable":true,"href":"https:\/\/specialdaysurprises.com\/en\/wp-json\/wp\/v2\/media\/628"}],"wp:attachment":[{"href":"https:\/\/specialdaysurprises.com\/en\/wp-json\/wp\/v2\/media?parent=629"}],"wp:term":[{"taxonomy":"product_brand","embeddable":true,"href":"https:\/\/specialdaysurprises.com\/en\/wp-json\/wp\/v2\/product_brand?post=629"},{"taxonomy":"product_cat","embeddable":true,"href":"https:\/\/specialdaysurprises.com\/en\/wp-json\/wp\/v2\/product_cat?post=629"},{"taxonomy":"product_tag","embeddable":true,"href":"https:\/\/specialdaysurprises.com\/en\/wp-json\/wp\/v2\/product_tag?post=629"}],"curies":[{"name":"wp","href":"https:\/\/api.w.org\/{rel}","templated":true}]}}