{"id":55,"date":"2024-06-18T00:46:27","date_gmt":"2024-06-18T00:46:27","guid":{"rendered":"https:\/\/specialdaysurprises.com\/?post_type=product&#038;p=55"},"modified":"2024-06-22T13:44:38","modified_gmt":"2024-06-22T13:44:38","slug":"desayuno-sorpresa-esmeralda","status":"publish","type":"product","link":"https:\/\/specialdaysurprises.com\/en\/product\/desayuno-sorpresa-esmeralda\/","title":{"rendered":"Breakfast Surprise Emerald"},"content":{"rendered":"<p><strong>Breakfast Surprise for any occasion<\/strong><\/p>\n<p>Make their day extra special with our delightful Surprise Breakfast package! Start their day with a delicious assortment of snacks, a selection of drinks, and a personalized card. This breakfast surprise is the perfect way to show your love and make their day memorable. Order now and bring a smile to their face on their special day!<\/p>\n<p><strong>Breakfast choice content:<\/strong><\/p>\n<ul>\n<li>Sandwich and pancakes<\/li>\n<li>Fresh Fruit Blend<\/li>\n<li>Chocolates<\/li>\n<li>Sahale Snack<\/li>\n<li>Organic drink<\/li>\n<li>Ice Coffee Starbucks Frappuccino<\/li>\n<li>Balloon decoration<\/li>\n<li>Oval Natural Seagrass Basket<\/li>\n<\/ul>\n<p><strong>Snacks choice content:<\/strong><\/p>\n<ul>\n<li>Cheese Bowtie Danish, 4 Count<\/li>\n<li>Just a Bite Cake Squares<\/li>\n<li>Chocolates<\/li>\n<li>Sahale Snack<\/li>\n<li>Pure Leaf Ice Tea<\/li>\n<li>Ice Coffee Starbucks Frappuccino<\/li>\n<li>Balloon decoration<\/li>\n<li>Oval Natural Seagrass Basket<\/li>\n<\/ul>\n<p>&nbsp;<\/p>\n<p><strong>Notes:<\/strong><\/p>\n<ul>\n<li><strong>Any products must be ordered a minimum of 24 hours in advance.<\/strong>.<\/li>\n<li>We are eager to discuss any special design or product requests, price could change.<\/li>\n<li>Each breakfast is custom made and substitutions may be necessary. Your order will be produced as closely as possible to the picture.<\/li>\n<\/ul>","protected":false},"excerpt":{"rendered":"<p>Surprise your special person with this delicious experience, filled not only with delicious flavors but also accompanied by beautiful balloon decoration. You will make them feel like the most special person in the world!<\/p>","protected":false},"featured_media":121,"comment_status":"open","ping_status":"closed","template":"","meta":{"_coblocks_attr":"","_coblocks_dimensions":"","_coblocks_responsive_height":"","_coblocks_accordion_ie_support":""},"product_brand":[],"product_cat":[36,12,11],"product_tag":[31,35,48,40,38,30,29,52,50,32,49,28,47,15,14,16,45,34,110,51,33],"class_list":{"0":"post-55","1":"product","2":"type-product","3":"status-publish","4":"has-post-thumbnail","6":"product_cat-cumpleanos","7":"product_cat-desayunos","8":"product_cat-mothers-day","9":"product_tag-amor","10":"product_tag-aniversario","11":"product_tag-anniversary","12":"product_tag-balloons","13":"product_tag-basket","14":"product_tag-bautizo","15":"product_tag-beige","16":"product_tag-blue","17":"product_tag-boyfriend","18":"product_tag-canasta","19":"product_tag-girlfriend","20":"product_tag-globos","21":"product_tag-love","22":"product_tag-madre","23":"product_tag-mama","24":"product_tag-mom","25":"product_tag-mother","26":"product_tag-novia","27":"product_tag-otros","28":"product_tag-pink","29":"product_tag-rosa","31":"first","32":"instock","33":"featured","34":"shipping-taxable","35":"purchasable","36":"product-type-variable"},"yoast_head":"<!-- This site is optimized with the Yoast SEO plugin v27.5 - https:\/\/yoast.com\/product\/yoast-seo-wordpress\/ -->\n<title>Desayuno sorpresa para toda ocasi\u00f3n -<\/title>\n<meta name=\"description\" content=\"Desayuno sorpresa para toda ocasi\u00f3n. Sorprende a tu persona especial con esta deliciosa experiencia, acompa\u00f1ada de una maravillosa decoraci\u00f3n con globos\" \/>\n<meta name=\"robots\" content=\"index, follow, max-snippet:-1, max-image-preview:large, max-video-preview:-1\" \/>\n<link rel=\"canonical\" href=\"https:\/\/specialdaysurprises.com\/en\/product\/desayuno-sorpresa-esmeralda\/\" \/>\n<meta property=\"og:locale\" content=\"en_US\" \/>\n<meta property=\"og:type\" content=\"article\" \/>\n<meta property=\"og:title\" content=\"Desayuno sorpresa para toda ocasi\u00f3n -\" \/>\n<meta property=\"og:description\" content=\"Desayuno sorpresa para toda ocasi\u00f3n. Sorprende a tu persona especial con esta deliciosa experiencia, acompa\u00f1ada de una maravillosa decoraci\u00f3n con globos\" \/>\n<meta property=\"og:url\" content=\"https:\/\/specialdaysurprises.com\/en\/product\/desayuno-sorpresa-esmeralda\/\" \/>\n<meta property=\"og:site_name\" content=\"Special Day Surprises\" \/>\n<meta property=\"article:publisher\" content=\"https:\/\/www.facebook.com\/people\/Special-Day-Surprises\/61557959631212\/\" \/>\n<meta property=\"article:modified_time\" content=\"2024-06-22T13:44:38+00:00\" \/>\n<meta property=\"og:image\" content=\"https:\/\/specialdaysurprises.com\/wp-content\/uploads\/2024\/05\/globo-globos-beige.png\" \/>\n\t<meta property=\"og:image:width\" content=\"773\" \/>\n\t<meta property=\"og:image:height\" content=\"1024\" \/>\n\t<meta property=\"og:image:type\" content=\"image\/png\" \/>\n<meta name=\"twitter:card\" content=\"summary_large_image\" \/>\n<meta name=\"twitter:label1\" content=\"Est. reading time\" \/>\n\t<meta name=\"twitter:data1\" content=\"1 minute\" \/>\n<script type=\"application\/ld+json\" class=\"yoast-schema-graph\">{\"@context\":\"https:\\\/\\\/schema.org\",\"@graph\":[{\"@type\":\"WebPage\",\"@id\":\"https:\\\/\\\/specialdaysurprises.com\\\/product\\\/desayuno-sorpresa-esmeralda\\\/\",\"url\":\"https:\\\/\\\/specialdaysurprises.com\\\/product\\\/desayuno-sorpresa-esmeralda\\\/\",\"name\":\"Desayuno sorpresa para toda ocasi\u00f3n -\",\"isPartOf\":{\"@id\":\"https:\\\/\\\/specialdaysurprises.com\\\/#website\"},\"primaryImageOfPage\":{\"@id\":\"https:\\\/\\\/specialdaysurprises.com\\\/product\\\/desayuno-sorpresa-esmeralda\\\/#primaryimage\"},\"image\":{\"@id\":\"https:\\\/\\\/specialdaysurprises.com\\\/product\\\/desayuno-sorpresa-esmeralda\\\/#primaryimage\"},\"thumbnailUrl\":\"https:\\\/\\\/specialdaysurprises.com\\\/wp-content\\\/uploads\\\/2024\\\/05\\\/globo-globos-beige.png\",\"datePublished\":\"2024-06-18T00:46:27+00:00\",\"dateModified\":\"2024-06-22T13:44:38+00:00\",\"description\":\"Desayuno sorpresa para toda ocasi\u00f3n. Sorprende a tu persona especial con esta deliciosa experiencia, acompa\u00f1ada de una maravillosa decoraci\u00f3n con globos\",\"breadcrumb\":{\"@id\":\"https:\\\/\\\/specialdaysurprises.com\\\/product\\\/desayuno-sorpresa-esmeralda\\\/#breadcrumb\"},\"inLanguage\":\"en-US\",\"potentialAction\":[{\"@type\":\"ReadAction\",\"target\":[\"https:\\\/\\\/specialdaysurprises.com\\\/product\\\/desayuno-sorpresa-esmeralda\\\/\"]}]},{\"@type\":\"ImageObject\",\"inLanguage\":\"en-US\",\"@id\":\"https:\\\/\\\/specialdaysurprises.com\\\/product\\\/desayuno-sorpresa-esmeralda\\\/#primaryimage\",\"url\":\"https:\\\/\\\/specialdaysurprises.com\\\/wp-content\\\/uploads\\\/2024\\\/05\\\/globo-globos-beige.png\",\"contentUrl\":\"https:\\\/\\\/specialdaysurprises.com\\\/wp-content\\\/uploads\\\/2024\\\/05\\\/globo-globos-beige.png\",\"width\":2490,\"height\":3300,\"caption\":\"Desayuno Sorpresa para toda ocasion\"},{\"@type\":\"BreadcrumbList\",\"@id\":\"https:\\\/\\\/specialdaysurprises.com\\\/product\\\/desayuno-sorpresa-esmeralda\\\/#breadcrumb\",\"itemListElement\":[{\"@type\":\"ListItem\",\"position\":1,\"name\":\"Home\",\"item\":\"https:\\\/\\\/specialdaysurprises.com\\\/\"},{\"@type\":\"ListItem\",\"position\":2,\"name\":\"Shop\",\"item\":\"https:\\\/\\\/specialdaysurprises.com\\\/shop\\\/\"},{\"@type\":\"ListItem\",\"position\":3,\"name\":\"Desayuno sorpresa Esmeralda\"}]},{\"@type\":\"WebSite\",\"@id\":\"https:\\\/\\\/specialdaysurprises.com\\\/#website\",\"url\":\"https:\\\/\\\/specialdaysurprises.com\\\/\",\"name\":\"Special Day Surprises\",\"description\":\"Breakfast Surprise and Gift Baskets\",\"publisher\":{\"@id\":\"https:\\\/\\\/specialdaysurprises.com\\\/#organization\"},\"potentialAction\":[{\"@type\":\"SearchAction\",\"target\":{\"@type\":\"EntryPoint\",\"urlTemplate\":\"https:\\\/\\\/specialdaysurprises.com\\\/?s={search_term_string}\"},\"query-input\":{\"@type\":\"PropertyValueSpecification\",\"valueRequired\":true,\"valueName\":\"search_term_string\"}}],\"inLanguage\":\"en-US\"},{\"@type\":\"Organization\",\"@id\":\"https:\\\/\\\/specialdaysurprises.com\\\/#organization\",\"name\":\"Special Day Surprises\",\"url\":\"https:\\\/\\\/specialdaysurprises.com\\\/\",\"logo\":{\"@type\":\"ImageObject\",\"inLanguage\":\"en-US\",\"@id\":\"https:\\\/\\\/specialdaysurprises.com\\\/#\\\/schema\\\/logo\\\/image\\\/\",\"url\":\"https:\\\/\\\/specialdaysurprises.com\\\/wp-content\\\/uploads\\\/2024\\\/05\\\/cropped-logo-special-day-surprises-ana-X8.png\",\"contentUrl\":\"https:\\\/\\\/specialdaysurprises.com\\\/wp-content\\\/uploads\\\/2024\\\/05\\\/cropped-logo-special-day-surprises-ana-X8.png\",\"width\":320,\"height\":122,\"caption\":\"Special Day Surprises\"},\"image\":{\"@id\":\"https:\\\/\\\/specialdaysurprises.com\\\/#\\\/schema\\\/logo\\\/image\\\/\"},\"sameAs\":[\"https:\\\/\\\/www.facebook.com\\\/people\\\/Special-Day-Surprises\\\/61557959631212\\\/\",\"https:\\\/\\\/www.instagram.com\\\/specialdaysurprises\\\/\"]}]}<\/script>\n<!-- \/ Yoast SEO plugin. -->","yoast_head_json":{"title":"Desayuno sorpresa para toda ocasi\u00f3n -","description":"Desayuno sorpresa para toda ocasi\u00f3n. Sorprende a tu persona especial con esta deliciosa experiencia, acompa\u00f1ada de una maravillosa decoraci\u00f3n con globos","robots":{"index":"index","follow":"follow","max-snippet":"max-snippet:-1","max-image-preview":"max-image-preview:large","max-video-preview":"max-video-preview:-1"},"canonical":"https:\/\/specialdaysurprises.com\/en\/product\/desayuno-sorpresa-esmeralda\/","og_locale":"en_US","og_type":"article","og_title":"Desayuno sorpresa para toda ocasi\u00f3n -","og_description":"Desayuno sorpresa para toda ocasi\u00f3n. Sorprende a tu persona especial con esta deliciosa experiencia, acompa\u00f1ada de una maravillosa decoraci\u00f3n con globos","og_url":"https:\/\/specialdaysurprises.com\/en\/product\/desayuno-sorpresa-esmeralda\/","og_site_name":"Special Day Surprises","article_publisher":"https:\/\/www.facebook.com\/people\/Special-Day-Surprises\/61557959631212\/","article_modified_time":"2024-06-22T13:44:38+00:00","og_image":[{"url":"https:\/\/specialdaysurprises.com\/wp-content\/uploads\/2024\/05\/globo-globos-beige.png","width":773,"height":1024,"type":"image\/png"}],"twitter_card":"summary_large_image","twitter_misc":{"Est. reading time":"1 minute"},"schema":{"@context":"https:\/\/schema.org","@graph":[{"@type":"WebPage","@id":"https:\/\/specialdaysurprises.com\/product\/desayuno-sorpresa-esmeralda\/","url":"https:\/\/specialdaysurprises.com\/product\/desayuno-sorpresa-esmeralda\/","name":"Desayuno sorpresa para toda ocasi\u00f3n -","isPartOf":{"@id":"https:\/\/specialdaysurprises.com\/#website"},"primaryImageOfPage":{"@id":"https:\/\/specialdaysurprises.com\/product\/desayuno-sorpresa-esmeralda\/#primaryimage"},"image":{"@id":"https:\/\/specialdaysurprises.com\/product\/desayuno-sorpresa-esmeralda\/#primaryimage"},"thumbnailUrl":"https:\/\/specialdaysurprises.com\/wp-content\/uploads\/2024\/05\/globo-globos-beige.png","datePublished":"2024-06-18T00:46:27+00:00","dateModified":"2024-06-22T13:44:38+00:00","description":"Desayuno sorpresa para toda ocasi\u00f3n. Sorprende a tu persona especial con esta deliciosa experiencia, acompa\u00f1ada de una maravillosa decoraci\u00f3n con globos","breadcrumb":{"@id":"https:\/\/specialdaysurprises.com\/product\/desayuno-sorpresa-esmeralda\/#breadcrumb"},"inLanguage":"en-US","potentialAction":[{"@type":"ReadAction","target":["https:\/\/specialdaysurprises.com\/product\/desayuno-sorpresa-esmeralda\/"]}]},{"@type":"ImageObject","inLanguage":"en-US","@id":"https:\/\/specialdaysurprises.com\/product\/desayuno-sorpresa-esmeralda\/#primaryimage","url":"https:\/\/specialdaysurprises.com\/wp-content\/uploads\/2024\/05\/globo-globos-beige.png","contentUrl":"https:\/\/specialdaysurprises.com\/wp-content\/uploads\/2024\/05\/globo-globos-beige.png","width":2490,"height":3300,"caption":"Desayuno Sorpresa para toda ocasion"},{"@type":"BreadcrumbList","@id":"https:\/\/specialdaysurprises.com\/product\/desayuno-sorpresa-esmeralda\/#breadcrumb","itemListElement":[{"@type":"ListItem","position":1,"name":"Home","item":"https:\/\/specialdaysurprises.com\/"},{"@type":"ListItem","position":2,"name":"Shop","item":"https:\/\/specialdaysurprises.com\/shop\/"},{"@type":"ListItem","position":3,"name":"Desayuno sorpresa Esmeralda"}]},{"@type":"WebSite","@id":"https:\/\/specialdaysurprises.com\/#website","url":"https:\/\/specialdaysurprises.com\/","name":"Special Day Surprises","description":"Breakfast Surprise and Gift Baskets","publisher":{"@id":"https:\/\/specialdaysurprises.com\/#organization"},"potentialAction":[{"@type":"SearchAction","target":{"@type":"EntryPoint","urlTemplate":"https:\/\/specialdaysurprises.com\/?s={search_term_string}"},"query-input":{"@type":"PropertyValueSpecification","valueRequired":true,"valueName":"search_term_string"}}],"inLanguage":"en-US"},{"@type":"Organization","@id":"https:\/\/specialdaysurprises.com\/#organization","name":"Special Day Surprises","url":"https:\/\/specialdaysurprises.com\/","logo":{"@type":"ImageObject","inLanguage":"en-US","@id":"https:\/\/specialdaysurprises.com\/#\/schema\/logo\/image\/","url":"https:\/\/specialdaysurprises.com\/wp-content\/uploads\/2024\/05\/cropped-logo-special-day-surprises-ana-X8.png","contentUrl":"https:\/\/specialdaysurprises.com\/wp-content\/uploads\/2024\/05\/cropped-logo-special-day-surprises-ana-X8.png","width":320,"height":122,"caption":"Special Day Surprises"},"image":{"@id":"https:\/\/specialdaysurprises.com\/#\/schema\/logo\/image\/"},"sameAs":["https:\/\/www.facebook.com\/people\/Special-Day-Surprises\/61557959631212\/","https:\/\/www.instagram.com\/specialdaysurprises\/"]}]}},"_links":{"self":[{"href":"https:\/\/specialdaysurprises.com\/en\/wp-json\/wp\/v2\/product\/55","targetHints":{"allow":["GET"]}}],"collection":[{"href":"https:\/\/specialdaysurprises.com\/en\/wp-json\/wp\/v2\/product"}],"about":[{"href":"https:\/\/specialdaysurprises.com\/en\/wp-json\/wp\/v2\/types\/product"}],"replies":[{"embeddable":true,"href":"https:\/\/specialdaysurprises.com\/en\/wp-json\/wp\/v2\/comments?post=55"}],"wp:featuredmedia":[{"embeddable":true,"href":"https:\/\/specialdaysurprises.com\/en\/wp-json\/wp\/v2\/media\/121"}],"wp:attachment":[{"href":"https:\/\/specialdaysurprises.com\/en\/wp-json\/wp\/v2\/media?parent=55"}],"wp:term":[{"taxonomy":"product_brand","embeddable":true,"href":"https:\/\/specialdaysurprises.com\/en\/wp-json\/wp\/v2\/product_brand?post=55"},{"taxonomy":"product_cat","embeddable":true,"href":"https:\/\/specialdaysurprises.com\/en\/wp-json\/wp\/v2\/product_cat?post=55"},{"taxonomy":"product_tag","embeddable":true,"href":"https:\/\/specialdaysurprises.com\/en\/wp-json\/wp\/v2\/product_tag?post=55"}],"curies":[{"name":"wp","href":"https:\/\/api.w.org\/{rel}","templated":true}]}}