{"id":348,"date":"2024-06-21T13:01:31","date_gmt":"2024-06-21T13:01:31","guid":{"rendered":"https:\/\/specialdaysurprises.com\/?post_type=product&#038;p=348"},"modified":"2024-06-22T13:41:37","modified_gmt":"2024-06-22T13:41:37","slug":"canasta-sorpresa-diamond","status":"publish","type":"product","link":"https:\/\/specialdaysurprises.com\/en\/product\/canasta-sorpresa-diamond\/","title":{"rendered":"Basket Surprise Diamond"},"content":{"rendered":"<p><strong>Breakfast Surprise for any occasion<\/strong><\/p>\n<p>Make their day extra special with our delightful Surprise Breakfast Diamond! Start their day with a delicious assortment of snacks, a selection of drinks, and beautiful flowers. This breakfast surprise is the perfect way to show your love and make their day memorable. Order now and bring a smile to their face on their special day!<\/p>\n<p><strong>Breakfast choice content:<\/strong><\/p>\n<ul>\n<li>Sandwich and pancakes<\/li>\n<li>Fresh Fruit Blend<\/li>\n<li>Chocolates<\/li>\n<li>Sahale Snack<\/li>\n<li>Popcorners<\/li>\n<li>Jumbo Cupcake<\/li>\n<li>Bolthouse Farms Shake<\/li>\n<li>Ice Coffee Starbucks Frappuccino<\/li>\n<li>Flowers in vase<\/li>\n<li>Balloon decoration<\/li>\n<li>Oval Basket 18\"<\/li>\n<\/ul>\n<p><strong>Snacks choice content:<\/strong><\/p>\n<ul>\n<li>Cheese Bowtie Danish, 4 Count<\/li>\n<li>Asiago Cheese Bagels<\/li>\n<li>Sahale Snack<\/li>\n<li>Popcorners<\/li>\n<li>Chocolates<\/li>\n<li>Just a Bite Cake Squares<\/li>\n<li>Pure Leaf Ice Tea<\/li>\n<li>Ice Coffee Starbucks Frappuccino<\/li>\n<li>Flowers in vase<\/li>\n<li>Balloon decoration<\/li>\n<li>Basket<\/li>\n<\/ul>\n<p><strong>Notes:<\/strong><\/p>\n<ul>\n<li><strong>Any products must be ordered a minimum of 24 hours in advance.<\/strong><\/li>\n<li>We are eager to discuss any special design or product requests, price could change.<\/li>\n<li>Each breakfast is custom made and substitutions may be necessary. Your order will be produced as closely as possible to the picture.<\/li>\n<\/ul>","protected":false},"excerpt":{"rendered":"<p>Make their day extra special with our delightful Surprise Breakfast Diamond! Start their day with a delicious assortment of snacks, a selection of drinks, and beautiful flowers. This breakfast surprise is the perfect way to show your love and make their day memorable.<\/p>","protected":false},"featured_media":361,"comment_status":"open","ping_status":"closed","template":"","meta":{"_coblocks_attr":"","_coblocks_dimensions":"","_coblocks_responsive_height":"","_coblocks_accordion_ie_support":""},"product_brand":[],"product_cat":[36,12,56],"product_tag":[40,38,39,41,32,66,37,13,63,64,28,65,47,68,95],"class_list":{"0":"post-348","1":"product","2":"type-product","3":"status-publish","4":"has-post-thumbnail","6":"product_cat-cumpleanos","7":"product_cat-desayunos","8":"product_cat-love","9":"product_tag-balloons","10":"product_tag-basket","11":"product_tag-birthday","12":"product_tag-breakfast","13":"product_tag-canasta","14":"product_tag-corazon","15":"product_tag-cumpleanos","16":"product_tag-desayuno","17":"product_tag-flores","18":"product_tag-flowers","19":"product_tag-globos","20":"product_tag-heart","21":"product_tag-love","22":"product_tag-red","23":"product_tag-rojo","25":"first","26":"instock","27":"featured","28":"shipping-taxable","29":"purchasable","30":"product-type-variable","31":"has-default-attributes"},"yoast_head":"<!-- This site is optimized with the Yoast SEO plugin v27.5 - https:\/\/yoast.com\/product\/yoast-seo-wordpress\/ -->\n<title>Desayuno sorpresa para toda ocasi\u00f3n -<\/title>\n<meta name=\"description\" content=\"Haz que su d\u00eda sea a\u00fan m\u00e1s especial con nuestra deliciosa Canasta Sorpresa! Este desayuno es la manera perfecta de demostrar tu amor\" \/>\n<meta name=\"robots\" content=\"index, follow, max-snippet:-1, max-image-preview:large, max-video-preview:-1\" \/>\n<link rel=\"canonical\" href=\"https:\/\/specialdaysurprises.com\/en\/product\/canasta-sorpresa-diamond\/\" \/>\n<meta property=\"og:locale\" content=\"en_US\" \/>\n<meta property=\"og:type\" content=\"article\" \/>\n<meta property=\"og:title\" content=\"Desayuno sorpresa para toda ocasi\u00f3n -\" \/>\n<meta property=\"og:description\" content=\"Haz que su d\u00eda sea a\u00fan m\u00e1s especial con nuestra deliciosa Canasta Sorpresa! Este desayuno es la manera perfecta de demostrar tu amor\" \/>\n<meta property=\"og:url\" content=\"https:\/\/specialdaysurprises.com\/en\/product\/canasta-sorpresa-diamond\/\" \/>\n<meta property=\"og:site_name\" content=\"Special Day Surprises\" \/>\n<meta property=\"article:publisher\" content=\"https:\/\/www.facebook.com\/people\/Special-Day-Surprises\/61557959631212\/\" \/>\n<meta property=\"article:modified_time\" content=\"2024-06-22T13:41:37+00:00\" \/>\n<meta property=\"og:image\" content=\"https:\/\/specialdaysurprises.com\/wp-content\/uploads\/2024\/05\/D41B697A-B725-41BD-93DE-48D5AE179D28.jpg\" \/>\n\t<meta property=\"og:image:width\" content=\"1170\" \/>\n\t<meta property=\"og:image:height\" content=\"1519\" \/>\n\t<meta property=\"og:image:type\" content=\"image\/jpeg\" \/>\n<meta name=\"twitter:card\" content=\"summary_large_image\" \/>\n<meta name=\"twitter:label1\" content=\"Est. reading time\" \/>\n\t<meta name=\"twitter:data1\" content=\"1 minute\" \/>\n<script type=\"application\/ld+json\" class=\"yoast-schema-graph\">{\"@context\":\"https:\\\/\\\/schema.org\",\"@graph\":[{\"@type\":\"WebPage\",\"@id\":\"https:\\\/\\\/specialdaysurprises.com\\\/product\\\/canasta-sorpresa-diamond\\\/\",\"url\":\"https:\\\/\\\/specialdaysurprises.com\\\/product\\\/canasta-sorpresa-diamond\\\/\",\"name\":\"Desayuno sorpresa para toda ocasi\u00f3n -\",\"isPartOf\":{\"@id\":\"https:\\\/\\\/specialdaysurprises.com\\\/#website\"},\"primaryImageOfPage\":{\"@id\":\"https:\\\/\\\/specialdaysurprises.com\\\/product\\\/canasta-sorpresa-diamond\\\/#primaryimage\"},\"image\":{\"@id\":\"https:\\\/\\\/specialdaysurprises.com\\\/product\\\/canasta-sorpresa-diamond\\\/#primaryimage\"},\"thumbnailUrl\":\"https:\\\/\\\/specialdaysurprises.com\\\/wp-content\\\/uploads\\\/2024\\\/05\\\/D41B697A-B725-41BD-93DE-48D5AE179D28.jpg\",\"datePublished\":\"2024-06-21T13:01:31+00:00\",\"dateModified\":\"2024-06-22T13:41:37+00:00\",\"description\":\"Haz que su d\u00eda sea a\u00fan m\u00e1s especial con nuestra deliciosa Canasta Sorpresa! Este desayuno es la manera perfecta de demostrar tu amor\",\"breadcrumb\":{\"@id\":\"https:\\\/\\\/specialdaysurprises.com\\\/product\\\/canasta-sorpresa-diamond\\\/#breadcrumb\"},\"inLanguage\":\"en-US\",\"potentialAction\":[{\"@type\":\"ReadAction\",\"target\":[\"https:\\\/\\\/specialdaysurprises.com\\\/product\\\/canasta-sorpresa-diamond\\\/\"]}]},{\"@type\":\"ImageObject\",\"inLanguage\":\"en-US\",\"@id\":\"https:\\\/\\\/specialdaysurprises.com\\\/product\\\/canasta-sorpresa-diamond\\\/#primaryimage\",\"url\":\"https:\\\/\\\/specialdaysurprises.com\\\/wp-content\\\/uploads\\\/2024\\\/05\\\/D41B697A-B725-41BD-93DE-48D5AE179D28.jpg\",\"contentUrl\":\"https:\\\/\\\/specialdaysurprises.com\\\/wp-content\\\/uploads\\\/2024\\\/05\\\/D41B697A-B725-41BD-93DE-48D5AE179D28.jpg\",\"width\":1170,\"height\":1519,\"caption\":\"Breakfast Surprise with Flowers\"},{\"@type\":\"BreadcrumbList\",\"@id\":\"https:\\\/\\\/specialdaysurprises.com\\\/product\\\/canasta-sorpresa-diamond\\\/#breadcrumb\",\"itemListElement\":[{\"@type\":\"ListItem\",\"position\":1,\"name\":\"Home\",\"item\":\"https:\\\/\\\/specialdaysurprises.com\\\/\"},{\"@type\":\"ListItem\",\"position\":2,\"name\":\"Shop\",\"item\":\"https:\\\/\\\/specialdaysurprises.com\\\/shop\\\/\"},{\"@type\":\"ListItem\",\"position\":3,\"name\":\"Canasta sorpresa Diamond\"}]},{\"@type\":\"WebSite\",\"@id\":\"https:\\\/\\\/specialdaysurprises.com\\\/#website\",\"url\":\"https:\\\/\\\/specialdaysurprises.com\\\/\",\"name\":\"Special Day Surprises\",\"description\":\"Breakfast Surprise and Gift Baskets\",\"publisher\":{\"@id\":\"https:\\\/\\\/specialdaysurprises.com\\\/#organization\"},\"potentialAction\":[{\"@type\":\"SearchAction\",\"target\":{\"@type\":\"EntryPoint\",\"urlTemplate\":\"https:\\\/\\\/specialdaysurprises.com\\\/?s={search_term_string}\"},\"query-input\":{\"@type\":\"PropertyValueSpecification\",\"valueRequired\":true,\"valueName\":\"search_term_string\"}}],\"inLanguage\":\"en-US\"},{\"@type\":\"Organization\",\"@id\":\"https:\\\/\\\/specialdaysurprises.com\\\/#organization\",\"name\":\"Special Day Surprises\",\"url\":\"https:\\\/\\\/specialdaysurprises.com\\\/\",\"logo\":{\"@type\":\"ImageObject\",\"inLanguage\":\"en-US\",\"@id\":\"https:\\\/\\\/specialdaysurprises.com\\\/#\\\/schema\\\/logo\\\/image\\\/\",\"url\":\"https:\\\/\\\/specialdaysurprises.com\\\/wp-content\\\/uploads\\\/2024\\\/05\\\/cropped-logo-special-day-surprises-ana-X8.png\",\"contentUrl\":\"https:\\\/\\\/specialdaysurprises.com\\\/wp-content\\\/uploads\\\/2024\\\/05\\\/cropped-logo-special-day-surprises-ana-X8.png\",\"width\":320,\"height\":122,\"caption\":\"Special Day Surprises\"},\"image\":{\"@id\":\"https:\\\/\\\/specialdaysurprises.com\\\/#\\\/schema\\\/logo\\\/image\\\/\"},\"sameAs\":[\"https:\\\/\\\/www.facebook.com\\\/people\\\/Special-Day-Surprises\\\/61557959631212\\\/\",\"https:\\\/\\\/www.instagram.com\\\/specialdaysurprises\\\/\"]}]}<\/script>\n<!-- \/ Yoast SEO plugin. -->","yoast_head_json":{"title":"Desayuno sorpresa para toda ocasi\u00f3n -","description":"Haz que su d\u00eda sea a\u00fan m\u00e1s especial con nuestra deliciosa Canasta Sorpresa! Este desayuno es la manera perfecta de demostrar tu amor","robots":{"index":"index","follow":"follow","max-snippet":"max-snippet:-1","max-image-preview":"max-image-preview:large","max-video-preview":"max-video-preview:-1"},"canonical":"https:\/\/specialdaysurprises.com\/en\/product\/canasta-sorpresa-diamond\/","og_locale":"en_US","og_type":"article","og_title":"Desayuno sorpresa para toda ocasi\u00f3n -","og_description":"Haz que su d\u00eda sea a\u00fan m\u00e1s especial con nuestra deliciosa Canasta Sorpresa! Este desayuno es la manera perfecta de demostrar tu amor","og_url":"https:\/\/specialdaysurprises.com\/en\/product\/canasta-sorpresa-diamond\/","og_site_name":"Special Day Surprises","article_publisher":"https:\/\/www.facebook.com\/people\/Special-Day-Surprises\/61557959631212\/","article_modified_time":"2024-06-22T13:41:37+00:00","og_image":[{"width":1170,"height":1519,"url":"https:\/\/specialdaysurprises.com\/wp-content\/uploads\/2024\/05\/D41B697A-B725-41BD-93DE-48D5AE179D28.jpg","type":"image\/jpeg"}],"twitter_card":"summary_large_image","twitter_misc":{"Est. reading time":"1 minute"},"schema":{"@context":"https:\/\/schema.org","@graph":[{"@type":"WebPage","@id":"https:\/\/specialdaysurprises.com\/product\/canasta-sorpresa-diamond\/","url":"https:\/\/specialdaysurprises.com\/product\/canasta-sorpresa-diamond\/","name":"Desayuno sorpresa para toda ocasi\u00f3n -","isPartOf":{"@id":"https:\/\/specialdaysurprises.com\/#website"},"primaryImageOfPage":{"@id":"https:\/\/specialdaysurprises.com\/product\/canasta-sorpresa-diamond\/#primaryimage"},"image":{"@id":"https:\/\/specialdaysurprises.com\/product\/canasta-sorpresa-diamond\/#primaryimage"},"thumbnailUrl":"https:\/\/specialdaysurprises.com\/wp-content\/uploads\/2024\/05\/D41B697A-B725-41BD-93DE-48D5AE179D28.jpg","datePublished":"2024-06-21T13:01:31+00:00","dateModified":"2024-06-22T13:41:37+00:00","description":"Haz que su d\u00eda sea a\u00fan m\u00e1s especial con nuestra deliciosa Canasta Sorpresa! Este desayuno es la manera perfecta de demostrar tu amor","breadcrumb":{"@id":"https:\/\/specialdaysurprises.com\/product\/canasta-sorpresa-diamond\/#breadcrumb"},"inLanguage":"en-US","potentialAction":[{"@type":"ReadAction","target":["https:\/\/specialdaysurprises.com\/product\/canasta-sorpresa-diamond\/"]}]},{"@type":"ImageObject","inLanguage":"en-US","@id":"https:\/\/specialdaysurprises.com\/product\/canasta-sorpresa-diamond\/#primaryimage","url":"https:\/\/specialdaysurprises.com\/wp-content\/uploads\/2024\/05\/D41B697A-B725-41BD-93DE-48D5AE179D28.jpg","contentUrl":"https:\/\/specialdaysurprises.com\/wp-content\/uploads\/2024\/05\/D41B697A-B725-41BD-93DE-48D5AE179D28.jpg","width":1170,"height":1519,"caption":"Breakfast Surprise with Flowers"},{"@type":"BreadcrumbList","@id":"https:\/\/specialdaysurprises.com\/product\/canasta-sorpresa-diamond\/#breadcrumb","itemListElement":[{"@type":"ListItem","position":1,"name":"Home","item":"https:\/\/specialdaysurprises.com\/"},{"@type":"ListItem","position":2,"name":"Shop","item":"https:\/\/specialdaysurprises.com\/shop\/"},{"@type":"ListItem","position":3,"name":"Canasta sorpresa Diamond"}]},{"@type":"WebSite","@id":"https:\/\/specialdaysurprises.com\/#website","url":"https:\/\/specialdaysurprises.com\/","name":"Special Day Surprises","description":"Breakfast Surprise and Gift Baskets","publisher":{"@id":"https:\/\/specialdaysurprises.com\/#organization"},"potentialAction":[{"@type":"SearchAction","target":{"@type":"EntryPoint","urlTemplate":"https:\/\/specialdaysurprises.com\/?s={search_term_string}"},"query-input":{"@type":"PropertyValueSpecification","valueRequired":true,"valueName":"search_term_string"}}],"inLanguage":"en-US"},{"@type":"Organization","@id":"https:\/\/specialdaysurprises.com\/#organization","name":"Special Day Surprises","url":"https:\/\/specialdaysurprises.com\/","logo":{"@type":"ImageObject","inLanguage":"en-US","@id":"https:\/\/specialdaysurprises.com\/#\/schema\/logo\/image\/","url":"https:\/\/specialdaysurprises.com\/wp-content\/uploads\/2024\/05\/cropped-logo-special-day-surprises-ana-X8.png","contentUrl":"https:\/\/specialdaysurprises.com\/wp-content\/uploads\/2024\/05\/cropped-logo-special-day-surprises-ana-X8.png","width":320,"height":122,"caption":"Special Day Surprises"},"image":{"@id":"https:\/\/specialdaysurprises.com\/#\/schema\/logo\/image\/"},"sameAs":["https:\/\/www.facebook.com\/people\/Special-Day-Surprises\/61557959631212\/","https:\/\/www.instagram.com\/specialdaysurprises\/"]}]}},"_links":{"self":[{"href":"https:\/\/specialdaysurprises.com\/en\/wp-json\/wp\/v2\/product\/348","targetHints":{"allow":["GET"]}}],"collection":[{"href":"https:\/\/specialdaysurprises.com\/en\/wp-json\/wp\/v2\/product"}],"about":[{"href":"https:\/\/specialdaysurprises.com\/en\/wp-json\/wp\/v2\/types\/product"}],"replies":[{"embeddable":true,"href":"https:\/\/specialdaysurprises.com\/en\/wp-json\/wp\/v2\/comments?post=348"}],"wp:featuredmedia":[{"embeddable":true,"href":"https:\/\/specialdaysurprises.com\/en\/wp-json\/wp\/v2\/media\/361"}],"wp:attachment":[{"href":"https:\/\/specialdaysurprises.com\/en\/wp-json\/wp\/v2\/media?parent=348"}],"wp:term":[{"taxonomy":"product_brand","embeddable":true,"href":"https:\/\/specialdaysurprises.com\/en\/wp-json\/wp\/v2\/product_brand?post=348"},{"taxonomy":"product_cat","embeddable":true,"href":"https:\/\/specialdaysurprises.com\/en\/wp-json\/wp\/v2\/product_cat?post=348"},{"taxonomy":"product_tag","embeddable":true,"href":"https:\/\/specialdaysurprises.com\/en\/wp-json\/wp\/v2\/product_tag?post=348"}],"curies":[{"name":"wp","href":"https:\/\/api.w.org\/{rel}","templated":true}]}}