{"id":338,"date":"2024-05-26T16:16:22","date_gmt":"2024-05-26T16:16:22","guid":{"rendered":"https:\/\/specialdaysurprises.com\/?post_type=product&#038;p=338"},"modified":"2025-06-20T21:08:17","modified_gmt":"2025-06-20T21:08:17","slug":"caja-sorpresa-ruby","status":"publish","type":"product","link":"https:\/\/specialdaysurprises.com\/en\/product\/caja-sorpresa-ruby\/","title":{"rendered":"Surprise Box Mary"},"content":{"rendered":"<p><strong>Surprise Box for any occasion<\/strong><\/p>\n<p>This Surprise Box is a delightful combination of sweet and savory treats that will make any occasion special. This beautifully curated box includes a selection of fresh fruits, chocolates, drinks, and more. Perfect for birthdays, anniversaries, or any celebration. Order now and surprise a loved one with this magical experience!<\/p>\n<p><strong>Breakfast choice content:<\/strong><\/p>\n<ul>\n<li>Sandwich<\/li>\n<li>Fresh Fruit Blend<\/li>\n<li>Chocolates<\/li>\n<li>Jumbo Cupcake<\/li>\n<li>Orange juice<\/li>\n<li>Ice Coffee Starbucks Frappuccino<\/li>\n<li>Balloon decoration<\/li>\n<li>Gift Box<\/li>\n<\/ul>\n<p><strong>Snacks choice content:<\/strong><\/p>\n<ul>\n<li>Cheese Bowtie Danish, 4 Count<\/li>\n<li>Sahale Snack<\/li>\n<li>Chocolates<\/li>\n<li>Just a Bite Cake Squares<\/li>\n<li>Pure Leaf Ice Tea<\/li>\n<li>Ice Coffee Starbucks Frappuccino<\/li>\n<li>Balloon decoration<\/li>\n<li>Gift Box<\/li>\n<\/ul>\n<p><strong>Notes:<\/strong><\/p>\n<ul>\n<li><strong>Any products must be ordered a minimum of 24 hours in advance.<\/strong><\/li>\n<li>We are eager to discuss any special design or product requests, price could change.<\/li>\n<li>Each breakfast is custom made and substitutions may be necessary. Your order will be produced as closely as possible to the picture.<\/li>\n<\/ul>","protected":false},"excerpt":{"rendered":"<p>This Surprise Box is a delightful combination of sweet and savory treats that will make any occasion special. This beautifully curated box includes a selection of fresh fruits, chocolates, drinks, and more. Perfect for birthdays, anniversaries, or any celebration. Order now and surprise a loved one with this magical experience!<\/p>","protected":false},"featured_media":346,"comment_status":"open","ping_status":"closed","template":"","meta":{"_coblocks_attr":"","_coblocks_dimensions":"","_coblocks_responsive_height":"","_coblocks_accordion_ie_support":""},"product_brand":[],"product_cat":[12,56],"product_tag":[31,48,40,81,41,82,66,13,28,65,47,68,33,67],"class_list":{"0":"post-338","1":"product","2":"type-product","3":"status-publish","4":"has-post-thumbnail","6":"product_cat-desayunos","7":"product_cat-love","8":"product_tag-amor","9":"product_tag-anniversary","10":"product_tag-balloons","11":"product_tag-box","12":"product_tag-breakfast","13":"product_tag-caja","14":"product_tag-corazon","15":"product_tag-desayuno","16":"product_tag-globos","17":"product_tag-heart","18":"product_tag-love","19":"product_tag-red","20":"product_tag-rosa","21":"product_tag-valentin","23":"first","24":"instock","25":"featured","26":"shipping-taxable","27":"purchasable","28":"product-type-variable","29":"has-default-attributes"},"yoast_head":"<!-- This site is optimized with the Yoast SEO plugin v27.5 - https:\/\/yoast.com\/product\/yoast-seo-wordpress\/ -->\n<title>Desayuno sorpresa para toda ocasi\u00f3n -<\/title>\n<meta name=\"description\" content=\"Haz que su d\u00eda sea a\u00fan m\u00e1s especial con nuestro deliciosa caja sorpresa! Es la manera perfecta de demostrar tu amor y hacer que su d\u00eda sea memorable\" \/>\n<meta name=\"robots\" content=\"index, follow, max-snippet:-1, max-image-preview:large, max-video-preview:-1\" \/>\n<link rel=\"canonical\" href=\"https:\/\/specialdaysurprises.com\/en\/product\/caja-sorpresa-ruby\/\" \/>\n<meta property=\"og:locale\" content=\"en_US\" \/>\n<meta property=\"og:type\" content=\"article\" \/>\n<meta property=\"og:title\" content=\"Desayuno sorpresa para toda ocasi\u00f3n -\" \/>\n<meta property=\"og:description\" content=\"Haz que su d\u00eda sea a\u00fan m\u00e1s especial con nuestro deliciosa caja sorpresa! Es la manera perfecta de demostrar tu amor y hacer que su d\u00eda sea memorable\" \/>\n<meta property=\"og:url\" content=\"https:\/\/specialdaysurprises.com\/en\/product\/caja-sorpresa-ruby\/\" \/>\n<meta property=\"og:site_name\" content=\"Special Day Surprises\" \/>\n<meta property=\"article:publisher\" content=\"https:\/\/www.facebook.com\/people\/Special-Day-Surprises\/61557959631212\/\" \/>\n<meta property=\"article:modified_time\" content=\"2025-06-20T21:08:17+00:00\" \/>\n<meta property=\"og:image\" content=\"https:\/\/specialdaysurprises.com\/wp-content\/uploads\/2024\/05\/20FBDF2C-FD25-4930-A6E5-1C392CF6F88D.jpg\" \/>\n\t<meta property=\"og:image:width\" content=\"1127\" \/>\n\t<meta property=\"og:image:height\" content=\"1515\" \/>\n\t<meta property=\"og:image:type\" content=\"image\/jpeg\" \/>\n<meta name=\"twitter:card\" content=\"summary_large_image\" \/>\n<meta name=\"twitter:label1\" content=\"Est. reading time\" \/>\n\t<meta name=\"twitter:data1\" content=\"1 minute\" \/>\n<script type=\"application\/ld+json\" class=\"yoast-schema-graph\">{\"@context\":\"https:\\\/\\\/schema.org\",\"@graph\":[{\"@type\":\"WebPage\",\"@id\":\"https:\\\/\\\/specialdaysurprises.com\\\/product\\\/caja-sorpresa-ruby\\\/\",\"url\":\"https:\\\/\\\/specialdaysurprises.com\\\/product\\\/caja-sorpresa-ruby\\\/\",\"name\":\"Desayuno sorpresa para toda ocasi\u00f3n -\",\"isPartOf\":{\"@id\":\"https:\\\/\\\/specialdaysurprises.com\\\/#website\"},\"primaryImageOfPage\":{\"@id\":\"https:\\\/\\\/specialdaysurprises.com\\\/product\\\/caja-sorpresa-ruby\\\/#primaryimage\"},\"image\":{\"@id\":\"https:\\\/\\\/specialdaysurprises.com\\\/product\\\/caja-sorpresa-ruby\\\/#primaryimage\"},\"thumbnailUrl\":\"https:\\\/\\\/specialdaysurprises.com\\\/wp-content\\\/uploads\\\/2024\\\/05\\\/20FBDF2C-FD25-4930-A6E5-1C392CF6F88D.jpg\",\"datePublished\":\"2024-05-26T16:16:22+00:00\",\"dateModified\":\"2025-06-20T21:08:17+00:00\",\"description\":\"Haz que su d\u00eda sea a\u00fan m\u00e1s especial con nuestro deliciosa caja sorpresa! Es la manera perfecta de demostrar tu amor y hacer que su d\u00eda sea memorable\",\"breadcrumb\":{\"@id\":\"https:\\\/\\\/specialdaysurprises.com\\\/product\\\/caja-sorpresa-ruby\\\/#breadcrumb\"},\"inLanguage\":\"en-US\",\"potentialAction\":[{\"@type\":\"ReadAction\",\"target\":[\"https:\\\/\\\/specialdaysurprises.com\\\/product\\\/caja-sorpresa-ruby\\\/\"]}]},{\"@type\":\"ImageObject\",\"inLanguage\":\"en-US\",\"@id\":\"https:\\\/\\\/specialdaysurprises.com\\\/product\\\/caja-sorpresa-ruby\\\/#primaryimage\",\"url\":\"https:\\\/\\\/specialdaysurprises.com\\\/wp-content\\\/uploads\\\/2024\\\/05\\\/20FBDF2C-FD25-4930-A6E5-1C392CF6F88D.jpg\",\"contentUrl\":\"https:\\\/\\\/specialdaysurprises.com\\\/wp-content\\\/uploads\\\/2024\\\/05\\\/20FBDF2C-FD25-4930-A6E5-1C392CF6F88D.jpg\",\"width\":1127,\"height\":1515,\"caption\":\"Box Breakfast Surprise\"},{\"@type\":\"BreadcrumbList\",\"@id\":\"https:\\\/\\\/specialdaysurprises.com\\\/product\\\/caja-sorpresa-ruby\\\/#breadcrumb\",\"itemListElement\":[{\"@type\":\"ListItem\",\"position\":1,\"name\":\"Home\",\"item\":\"https:\\\/\\\/specialdaysurprises.com\\\/\"},{\"@type\":\"ListItem\",\"position\":2,\"name\":\"Shop\",\"item\":\"https:\\\/\\\/specialdaysurprises.com\\\/shop\\\/\"},{\"@type\":\"ListItem\",\"position\":3,\"name\":\"Caja sorpresa Mary\"}]},{\"@type\":\"WebSite\",\"@id\":\"https:\\\/\\\/specialdaysurprises.com\\\/#website\",\"url\":\"https:\\\/\\\/specialdaysurprises.com\\\/\",\"name\":\"Special Day Surprises\",\"description\":\"Breakfast Surprise and Gift Baskets\",\"publisher\":{\"@id\":\"https:\\\/\\\/specialdaysurprises.com\\\/#organization\"},\"potentialAction\":[{\"@type\":\"SearchAction\",\"target\":{\"@type\":\"EntryPoint\",\"urlTemplate\":\"https:\\\/\\\/specialdaysurprises.com\\\/?s={search_term_string}\"},\"query-input\":{\"@type\":\"PropertyValueSpecification\",\"valueRequired\":true,\"valueName\":\"search_term_string\"}}],\"inLanguage\":\"en-US\"},{\"@type\":\"Organization\",\"@id\":\"https:\\\/\\\/specialdaysurprises.com\\\/#organization\",\"name\":\"Special Day Surprises\",\"url\":\"https:\\\/\\\/specialdaysurprises.com\\\/\",\"logo\":{\"@type\":\"ImageObject\",\"inLanguage\":\"en-US\",\"@id\":\"https:\\\/\\\/specialdaysurprises.com\\\/#\\\/schema\\\/logo\\\/image\\\/\",\"url\":\"https:\\\/\\\/specialdaysurprises.com\\\/wp-content\\\/uploads\\\/2024\\\/05\\\/cropped-logo-special-day-surprises-ana-X8.png\",\"contentUrl\":\"https:\\\/\\\/specialdaysurprises.com\\\/wp-content\\\/uploads\\\/2024\\\/05\\\/cropped-logo-special-day-surprises-ana-X8.png\",\"width\":320,\"height\":122,\"caption\":\"Special Day Surprises\"},\"image\":{\"@id\":\"https:\\\/\\\/specialdaysurprises.com\\\/#\\\/schema\\\/logo\\\/image\\\/\"},\"sameAs\":[\"https:\\\/\\\/www.facebook.com\\\/people\\\/Special-Day-Surprises\\\/61557959631212\\\/\",\"https:\\\/\\\/www.instagram.com\\\/specialdaysurprises\\\/\"]}]}<\/script>\n<!-- \/ Yoast SEO plugin. -->","yoast_head_json":{"title":"Desayuno sorpresa para toda ocasi\u00f3n -","description":"Haz que su d\u00eda sea a\u00fan m\u00e1s especial con nuestro deliciosa caja sorpresa! Es la manera perfecta de demostrar tu amor y hacer que su d\u00eda sea memorable","robots":{"index":"index","follow":"follow","max-snippet":"max-snippet:-1","max-image-preview":"max-image-preview:large","max-video-preview":"max-video-preview:-1"},"canonical":"https:\/\/specialdaysurprises.com\/en\/product\/caja-sorpresa-ruby\/","og_locale":"en_US","og_type":"article","og_title":"Desayuno sorpresa para toda ocasi\u00f3n -","og_description":"Haz que su d\u00eda sea a\u00fan m\u00e1s especial con nuestro deliciosa caja sorpresa! Es la manera perfecta de demostrar tu amor y hacer que su d\u00eda sea memorable","og_url":"https:\/\/specialdaysurprises.com\/en\/product\/caja-sorpresa-ruby\/","og_site_name":"Special Day Surprises","article_publisher":"https:\/\/www.facebook.com\/people\/Special-Day-Surprises\/61557959631212\/","article_modified_time":"2025-06-20T21:08:17+00:00","og_image":[{"width":1127,"height":1515,"url":"https:\/\/specialdaysurprises.com\/wp-content\/uploads\/2024\/05\/20FBDF2C-FD25-4930-A6E5-1C392CF6F88D.jpg","type":"image\/jpeg"}],"twitter_card":"summary_large_image","twitter_misc":{"Est. reading time":"1 minute"},"schema":{"@context":"https:\/\/schema.org","@graph":[{"@type":"WebPage","@id":"https:\/\/specialdaysurprises.com\/product\/caja-sorpresa-ruby\/","url":"https:\/\/specialdaysurprises.com\/product\/caja-sorpresa-ruby\/","name":"Desayuno sorpresa para toda ocasi\u00f3n -","isPartOf":{"@id":"https:\/\/specialdaysurprises.com\/#website"},"primaryImageOfPage":{"@id":"https:\/\/specialdaysurprises.com\/product\/caja-sorpresa-ruby\/#primaryimage"},"image":{"@id":"https:\/\/specialdaysurprises.com\/product\/caja-sorpresa-ruby\/#primaryimage"},"thumbnailUrl":"https:\/\/specialdaysurprises.com\/wp-content\/uploads\/2024\/05\/20FBDF2C-FD25-4930-A6E5-1C392CF6F88D.jpg","datePublished":"2024-05-26T16:16:22+00:00","dateModified":"2025-06-20T21:08:17+00:00","description":"Haz que su d\u00eda sea a\u00fan m\u00e1s especial con nuestro deliciosa caja sorpresa! Es la manera perfecta de demostrar tu amor y hacer que su d\u00eda sea memorable","breadcrumb":{"@id":"https:\/\/specialdaysurprises.com\/product\/caja-sorpresa-ruby\/#breadcrumb"},"inLanguage":"en-US","potentialAction":[{"@type":"ReadAction","target":["https:\/\/specialdaysurprises.com\/product\/caja-sorpresa-ruby\/"]}]},{"@type":"ImageObject","inLanguage":"en-US","@id":"https:\/\/specialdaysurprises.com\/product\/caja-sorpresa-ruby\/#primaryimage","url":"https:\/\/specialdaysurprises.com\/wp-content\/uploads\/2024\/05\/20FBDF2C-FD25-4930-A6E5-1C392CF6F88D.jpg","contentUrl":"https:\/\/specialdaysurprises.com\/wp-content\/uploads\/2024\/05\/20FBDF2C-FD25-4930-A6E5-1C392CF6F88D.jpg","width":1127,"height":1515,"caption":"Box Breakfast Surprise"},{"@type":"BreadcrumbList","@id":"https:\/\/specialdaysurprises.com\/product\/caja-sorpresa-ruby\/#breadcrumb","itemListElement":[{"@type":"ListItem","position":1,"name":"Home","item":"https:\/\/specialdaysurprises.com\/"},{"@type":"ListItem","position":2,"name":"Shop","item":"https:\/\/specialdaysurprises.com\/shop\/"},{"@type":"ListItem","position":3,"name":"Caja sorpresa Mary"}]},{"@type":"WebSite","@id":"https:\/\/specialdaysurprises.com\/#website","url":"https:\/\/specialdaysurprises.com\/","name":"Special Day Surprises","description":"Breakfast Surprise and Gift Baskets","publisher":{"@id":"https:\/\/specialdaysurprises.com\/#organization"},"potentialAction":[{"@type":"SearchAction","target":{"@type":"EntryPoint","urlTemplate":"https:\/\/specialdaysurprises.com\/?s={search_term_string}"},"query-input":{"@type":"PropertyValueSpecification","valueRequired":true,"valueName":"search_term_string"}}],"inLanguage":"en-US"},{"@type":"Organization","@id":"https:\/\/specialdaysurprises.com\/#organization","name":"Special Day Surprises","url":"https:\/\/specialdaysurprises.com\/","logo":{"@type":"ImageObject","inLanguage":"en-US","@id":"https:\/\/specialdaysurprises.com\/#\/schema\/logo\/image\/","url":"https:\/\/specialdaysurprises.com\/wp-content\/uploads\/2024\/05\/cropped-logo-special-day-surprises-ana-X8.png","contentUrl":"https:\/\/specialdaysurprises.com\/wp-content\/uploads\/2024\/05\/cropped-logo-special-day-surprises-ana-X8.png","width":320,"height":122,"caption":"Special Day Surprises"},"image":{"@id":"https:\/\/specialdaysurprises.com\/#\/schema\/logo\/image\/"},"sameAs":["https:\/\/www.facebook.com\/people\/Special-Day-Surprises\/61557959631212\/","https:\/\/www.instagram.com\/specialdaysurprises\/"]}]}},"_links":{"self":[{"href":"https:\/\/specialdaysurprises.com\/en\/wp-json\/wp\/v2\/product\/338","targetHints":{"allow":["GET"]}}],"collection":[{"href":"https:\/\/specialdaysurprises.com\/en\/wp-json\/wp\/v2\/product"}],"about":[{"href":"https:\/\/specialdaysurprises.com\/en\/wp-json\/wp\/v2\/types\/product"}],"replies":[{"embeddable":true,"href":"https:\/\/specialdaysurprises.com\/en\/wp-json\/wp\/v2\/comments?post=338"}],"wp:featuredmedia":[{"embeddable":true,"href":"https:\/\/specialdaysurprises.com\/en\/wp-json\/wp\/v2\/media\/346"}],"wp:attachment":[{"href":"https:\/\/specialdaysurprises.com\/en\/wp-json\/wp\/v2\/media?parent=338"}],"wp:term":[{"taxonomy":"product_brand","embeddable":true,"href":"https:\/\/specialdaysurprises.com\/en\/wp-json\/wp\/v2\/product_brand?post=338"},{"taxonomy":"product_cat","embeddable":true,"href":"https:\/\/specialdaysurprises.com\/en\/wp-json\/wp\/v2\/product_cat?post=338"},{"taxonomy":"product_tag","embeddable":true,"href":"https:\/\/specialdaysurprises.com\/en\/wp-json\/wp\/v2\/product_tag?post=338"}],"curies":[{"name":"wp","href":"https:\/\/api.w.org\/{rel}","templated":true}]}}