{"id":290,"date":"2024-05-26T14:01:40","date_gmt":"2024-05-26T14:01:40","guid":{"rendered":"https:\/\/specialdaysurprises.com\/?post_type=product&#038;p=290"},"modified":"2024-05-26T14:55:24","modified_gmt":"2024-05-26T14:55:24","slug":"desayuno-sorpresa-i-love-you","status":"publish","type":"product","link":"https:\/\/specialdaysurprises.com\/en\/product\/desayuno-sorpresa-i-love-you\/","title":{"rendered":"Breakfast Surprise I Love You So Much"},"content":{"rendered":"<p><strong>Breakfast Surprise for any occasion<\/strong><\/p>\n<p>Make their day extra special with our delightful Surprise Breakfast package! Start their day with a delicious assortment of snacks, a selection of drinks, and a personalized card. This breakfast surprise is the perfect way to show your love and make their day memorable. Order now and bring a smile to their face on their special day!<\/p>\n<p><strong>Breakfast choice content:<\/strong><\/p>\n<ul>\n<li>Sandwich<\/li>\n<li>Fresh Fruit Blend<\/li>\n<li>Chocolates<\/li>\n<li>Jumbo Cupcake<\/li>\n<li>Orange juice<\/li>\n<li>Ice Coffee Starbucks Frappuccino<\/li>\n<li>Balloon decoration<\/li>\n<li>Wooden Tray<\/li>\n<\/ul>\n<p><strong>Snacks choice content:<\/strong><\/p>\n<ul>\n<li>Cheese Bowtie Danish, 4 Count<\/li>\n<li>Sahale Snack<\/li>\n<li>Chocolates<\/li>\n<li>Just a Bite Cake Squares<\/li>\n<li>Pure Leaf Ice Tea<\/li>\n<li>Ice Coffee Starbucks Frappuccino<\/li>\n<li>Balloon decoration<\/li>\n<li>Wooden Tray<\/li>\n<\/ul>\n<p><strong>Notes:<\/strong><\/p>\n<ul>\n<li><strong>Any products must be ordered a minimum of 24 hours in advance.<\/strong><\/li>\n<li>We are eager to discuss any special design or product requests, price could change.<\/li>\n<li>Each breakfast is custom made and substitutions may be necessary. Your order will be produced as closely as possible to the picture.<\/li>\n<\/ul>","protected":false},"excerpt":{"rendered":"<p>Desayuno sorpresa I Love You es una deliciosa combinaci\u00f3n de delicias dulces y saladas que har\u00e1 que cualquier ocasi\u00f3n sea especial. Esta bandeja bellamente decorada incluye una selecci\u00f3n de frutas frescas, chocolates, deliciosas bebidas y m\u00e1s. Perfecto para cumplea\u00f1os, aniversarios o cualquier celebraci\u00f3n. \u00a1Haz tu pedido ahora y sorprende a tu ser querido con esta m\u00e1gica experiencia!<\/p>","protected":false},"featured_media":297,"comment_status":"open","ping_status":"closed","template":"","meta":{"_coblocks_attr":"","_coblocks_dimensions":"","_coblocks_responsive_height":"","_coblocks_accordion_ie_support":""},"product_brand":[],"product_cat":[12,56],"product_tag":[31,48,40,41,66,13,28,65,47,33,57,67],"class_list":{"0":"post-290","1":"product","2":"type-product","3":"status-publish","4":"has-post-thumbnail","6":"product_cat-desayunos","7":"product_cat-love","8":"product_tag-amor","9":"product_tag-anniversary","10":"product_tag-balloons","11":"product_tag-breakfast","12":"product_tag-corazon","13":"product_tag-desayuno","14":"product_tag-globos","15":"product_tag-heart","16":"product_tag-love","17":"product_tag-rosa","18":"product_tag-tray","19":"product_tag-valentin","21":"first","22":"instock","23":"shipping-taxable","24":"purchasable","25":"product-type-variable"},"yoast_head":"<!-- This site is optimized with the Yoast SEO plugin v27.5 - https:\/\/yoast.com\/product\/yoast-seo-wordpress\/ -->\n<title>Desayuno sorpresa para toda ocasi\u00f3n -<\/title>\n<meta name=\"description\" content=\"Desayuno sorpresa para toda ocasi\u00f3n. Sorprende a tu persona especial con esta deliciosa experiencia, acompa\u00f1ada de una maravillosa decoraci\u00f3n con globos\" \/>\n<meta name=\"robots\" content=\"index, follow, max-snippet:-1, max-image-preview:large, max-video-preview:-1\" \/>\n<link rel=\"canonical\" href=\"https:\/\/specialdaysurprises.com\/en\/product\/desayuno-sorpresa-i-love-you\/\" \/>\n<meta property=\"og:locale\" content=\"en_US\" \/>\n<meta property=\"og:type\" content=\"article\" \/>\n<meta property=\"og:title\" content=\"Desayuno sorpresa para toda ocasi\u00f3n -\" \/>\n<meta property=\"og:description\" content=\"Desayuno sorpresa para toda ocasi\u00f3n. Sorprende a tu persona especial con esta deliciosa experiencia, acompa\u00f1ada de una maravillosa decoraci\u00f3n con globos\" \/>\n<meta property=\"og:url\" content=\"https:\/\/specialdaysurprises.com\/en\/product\/desayuno-sorpresa-i-love-you\/\" \/>\n<meta property=\"og:site_name\" content=\"Special Day Surprises\" \/>\n<meta property=\"article:publisher\" content=\"https:\/\/www.facebook.com\/people\/Special-Day-Surprises\/61557959631212\/\" \/>\n<meta property=\"article:modified_time\" content=\"2024-05-26T14:55:24+00:00\" \/>\n<meta property=\"og:image\" content=\"https:\/\/specialdaysurprises.com\/wp-content\/uploads\/2024\/05\/1689969E-CC96-4B25-9176-CF4682ACDDD1.jpg\" \/>\n\t<meta property=\"og:image:width\" content=\"1440\" \/>\n\t<meta property=\"og:image:height\" content=\"1800\" \/>\n\t<meta property=\"og:image:type\" content=\"image\/jpeg\" \/>\n<meta name=\"twitter:card\" content=\"summary_large_image\" \/>\n<meta name=\"twitter:label1\" content=\"Est. reading time\" \/>\n\t<meta name=\"twitter:data1\" content=\"1 minute\" \/>\n<script type=\"application\/ld+json\" class=\"yoast-schema-graph\">{\"@context\":\"https:\\\/\\\/schema.org\",\"@graph\":[{\"@type\":\"WebPage\",\"@id\":\"https:\\\/\\\/specialdaysurprises.com\\\/product\\\/desayuno-sorpresa-i-love-you\\\/\",\"url\":\"https:\\\/\\\/specialdaysurprises.com\\\/product\\\/desayuno-sorpresa-i-love-you\\\/\",\"name\":\"Desayuno sorpresa para toda ocasi\u00f3n -\",\"isPartOf\":{\"@id\":\"https:\\\/\\\/specialdaysurprises.com\\\/#website\"},\"primaryImageOfPage\":{\"@id\":\"https:\\\/\\\/specialdaysurprises.com\\\/product\\\/desayuno-sorpresa-i-love-you\\\/#primaryimage\"},\"image\":{\"@id\":\"https:\\\/\\\/specialdaysurprises.com\\\/product\\\/desayuno-sorpresa-i-love-you\\\/#primaryimage\"},\"thumbnailUrl\":\"https:\\\/\\\/specialdaysurprises.com\\\/wp-content\\\/uploads\\\/2024\\\/05\\\/1689969E-CC96-4B25-9176-CF4682ACDDD1.jpg\",\"datePublished\":\"2024-05-26T14:01:40+00:00\",\"dateModified\":\"2024-05-26T14:55:24+00:00\",\"description\":\"Desayuno sorpresa para toda ocasi\u00f3n. Sorprende a tu persona especial con esta deliciosa experiencia, acompa\u00f1ada de una maravillosa decoraci\u00f3n con globos\",\"breadcrumb\":{\"@id\":\"https:\\\/\\\/specialdaysurprises.com\\\/product\\\/desayuno-sorpresa-i-love-you\\\/#breadcrumb\"},\"inLanguage\":\"en-US\",\"potentialAction\":[{\"@type\":\"ReadAction\",\"target\":[\"https:\\\/\\\/specialdaysurprises.com\\\/product\\\/desayuno-sorpresa-i-love-you\\\/\"]}]},{\"@type\":\"ImageObject\",\"inLanguage\":\"en-US\",\"@id\":\"https:\\\/\\\/specialdaysurprises.com\\\/product\\\/desayuno-sorpresa-i-love-you\\\/#primaryimage\",\"url\":\"https:\\\/\\\/specialdaysurprises.com\\\/wp-content\\\/uploads\\\/2024\\\/05\\\/1689969E-CC96-4B25-9176-CF4682ACDDD1.jpg\",\"contentUrl\":\"https:\\\/\\\/specialdaysurprises.com\\\/wp-content\\\/uploads\\\/2024\\\/05\\\/1689969E-CC96-4B25-9176-CF4682ACDDD1.jpg\",\"width\":1440,\"height\":1800,\"caption\":\"Breakfast Surprise I Love You So Much\"},{\"@type\":\"BreadcrumbList\",\"@id\":\"https:\\\/\\\/specialdaysurprises.com\\\/product\\\/desayuno-sorpresa-i-love-you\\\/#breadcrumb\",\"itemListElement\":[{\"@type\":\"ListItem\",\"position\":1,\"name\":\"Home\",\"item\":\"https:\\\/\\\/specialdaysurprises.com\\\/\"},{\"@type\":\"ListItem\",\"position\":2,\"name\":\"Shop\",\"item\":\"https:\\\/\\\/specialdaysurprises.com\\\/shop\\\/\"},{\"@type\":\"ListItem\",\"position\":3,\"name\":\"Desayuno sorpresa I Love You So Much\"}]},{\"@type\":\"WebSite\",\"@id\":\"https:\\\/\\\/specialdaysurprises.com\\\/#website\",\"url\":\"https:\\\/\\\/specialdaysurprises.com\\\/\",\"name\":\"Special Day Surprises\",\"description\":\"Breakfast Surprise and Gift Baskets\",\"publisher\":{\"@id\":\"https:\\\/\\\/specialdaysurprises.com\\\/#organization\"},\"potentialAction\":[{\"@type\":\"SearchAction\",\"target\":{\"@type\":\"EntryPoint\",\"urlTemplate\":\"https:\\\/\\\/specialdaysurprises.com\\\/?s={search_term_string}\"},\"query-input\":{\"@type\":\"PropertyValueSpecification\",\"valueRequired\":true,\"valueName\":\"search_term_string\"}}],\"inLanguage\":\"en-US\"},{\"@type\":\"Organization\",\"@id\":\"https:\\\/\\\/specialdaysurprises.com\\\/#organization\",\"name\":\"Special Day Surprises\",\"url\":\"https:\\\/\\\/specialdaysurprises.com\\\/\",\"logo\":{\"@type\":\"ImageObject\",\"inLanguage\":\"en-US\",\"@id\":\"https:\\\/\\\/specialdaysurprises.com\\\/#\\\/schema\\\/logo\\\/image\\\/\",\"url\":\"https:\\\/\\\/specialdaysurprises.com\\\/wp-content\\\/uploads\\\/2024\\\/05\\\/cropped-logo-special-day-surprises-ana-X8.png\",\"contentUrl\":\"https:\\\/\\\/specialdaysurprises.com\\\/wp-content\\\/uploads\\\/2024\\\/05\\\/cropped-logo-special-day-surprises-ana-X8.png\",\"width\":320,\"height\":122,\"caption\":\"Special Day Surprises\"},\"image\":{\"@id\":\"https:\\\/\\\/specialdaysurprises.com\\\/#\\\/schema\\\/logo\\\/image\\\/\"},\"sameAs\":[\"https:\\\/\\\/www.facebook.com\\\/people\\\/Special-Day-Surprises\\\/61557959631212\\\/\",\"https:\\\/\\\/www.instagram.com\\\/specialdaysurprises\\\/\"]}]}<\/script>\n<!-- \/ Yoast SEO plugin. -->","yoast_head_json":{"title":"Desayuno sorpresa para toda ocasi\u00f3n -","description":"Desayuno sorpresa para toda ocasi\u00f3n. Sorprende a tu persona especial con esta deliciosa experiencia, acompa\u00f1ada de una maravillosa decoraci\u00f3n con globos","robots":{"index":"index","follow":"follow","max-snippet":"max-snippet:-1","max-image-preview":"max-image-preview:large","max-video-preview":"max-video-preview:-1"},"canonical":"https:\/\/specialdaysurprises.com\/en\/product\/desayuno-sorpresa-i-love-you\/","og_locale":"en_US","og_type":"article","og_title":"Desayuno sorpresa para toda ocasi\u00f3n -","og_description":"Desayuno sorpresa para toda ocasi\u00f3n. Sorprende a tu persona especial con esta deliciosa experiencia, acompa\u00f1ada de una maravillosa decoraci\u00f3n con globos","og_url":"https:\/\/specialdaysurprises.com\/en\/product\/desayuno-sorpresa-i-love-you\/","og_site_name":"Special Day Surprises","article_publisher":"https:\/\/www.facebook.com\/people\/Special-Day-Surprises\/61557959631212\/","article_modified_time":"2024-05-26T14:55:24+00:00","og_image":[{"width":1440,"height":1800,"url":"https:\/\/specialdaysurprises.com\/wp-content\/uploads\/2024\/05\/1689969E-CC96-4B25-9176-CF4682ACDDD1.jpg","type":"image\/jpeg"}],"twitter_card":"summary_large_image","twitter_misc":{"Est. reading time":"1 minute"},"schema":{"@context":"https:\/\/schema.org","@graph":[{"@type":"WebPage","@id":"https:\/\/specialdaysurprises.com\/product\/desayuno-sorpresa-i-love-you\/","url":"https:\/\/specialdaysurprises.com\/product\/desayuno-sorpresa-i-love-you\/","name":"Desayuno sorpresa para toda ocasi\u00f3n -","isPartOf":{"@id":"https:\/\/specialdaysurprises.com\/#website"},"primaryImageOfPage":{"@id":"https:\/\/specialdaysurprises.com\/product\/desayuno-sorpresa-i-love-you\/#primaryimage"},"image":{"@id":"https:\/\/specialdaysurprises.com\/product\/desayuno-sorpresa-i-love-you\/#primaryimage"},"thumbnailUrl":"https:\/\/specialdaysurprises.com\/wp-content\/uploads\/2024\/05\/1689969E-CC96-4B25-9176-CF4682ACDDD1.jpg","datePublished":"2024-05-26T14:01:40+00:00","dateModified":"2024-05-26T14:55:24+00:00","description":"Desayuno sorpresa para toda ocasi\u00f3n. Sorprende a tu persona especial con esta deliciosa experiencia, acompa\u00f1ada de una maravillosa decoraci\u00f3n con globos","breadcrumb":{"@id":"https:\/\/specialdaysurprises.com\/product\/desayuno-sorpresa-i-love-you\/#breadcrumb"},"inLanguage":"en-US","potentialAction":[{"@type":"ReadAction","target":["https:\/\/specialdaysurprises.com\/product\/desayuno-sorpresa-i-love-you\/"]}]},{"@type":"ImageObject","inLanguage":"en-US","@id":"https:\/\/specialdaysurprises.com\/product\/desayuno-sorpresa-i-love-you\/#primaryimage","url":"https:\/\/specialdaysurprises.com\/wp-content\/uploads\/2024\/05\/1689969E-CC96-4B25-9176-CF4682ACDDD1.jpg","contentUrl":"https:\/\/specialdaysurprises.com\/wp-content\/uploads\/2024\/05\/1689969E-CC96-4B25-9176-CF4682ACDDD1.jpg","width":1440,"height":1800,"caption":"Breakfast Surprise I Love You So Much"},{"@type":"BreadcrumbList","@id":"https:\/\/specialdaysurprises.com\/product\/desayuno-sorpresa-i-love-you\/#breadcrumb","itemListElement":[{"@type":"ListItem","position":1,"name":"Home","item":"https:\/\/specialdaysurprises.com\/"},{"@type":"ListItem","position":2,"name":"Shop","item":"https:\/\/specialdaysurprises.com\/shop\/"},{"@type":"ListItem","position":3,"name":"Desayuno sorpresa I Love You So Much"}]},{"@type":"WebSite","@id":"https:\/\/specialdaysurprises.com\/#website","url":"https:\/\/specialdaysurprises.com\/","name":"Special Day Surprises","description":"Breakfast Surprise and Gift Baskets","publisher":{"@id":"https:\/\/specialdaysurprises.com\/#organization"},"potentialAction":[{"@type":"SearchAction","target":{"@type":"EntryPoint","urlTemplate":"https:\/\/specialdaysurprises.com\/?s={search_term_string}"},"query-input":{"@type":"PropertyValueSpecification","valueRequired":true,"valueName":"search_term_string"}}],"inLanguage":"en-US"},{"@type":"Organization","@id":"https:\/\/specialdaysurprises.com\/#organization","name":"Special Day Surprises","url":"https:\/\/specialdaysurprises.com\/","logo":{"@type":"ImageObject","inLanguage":"en-US","@id":"https:\/\/specialdaysurprises.com\/#\/schema\/logo\/image\/","url":"https:\/\/specialdaysurprises.com\/wp-content\/uploads\/2024\/05\/cropped-logo-special-day-surprises-ana-X8.png","contentUrl":"https:\/\/specialdaysurprises.com\/wp-content\/uploads\/2024\/05\/cropped-logo-special-day-surprises-ana-X8.png","width":320,"height":122,"caption":"Special Day Surprises"},"image":{"@id":"https:\/\/specialdaysurprises.com\/#\/schema\/logo\/image\/"},"sameAs":["https:\/\/www.facebook.com\/people\/Special-Day-Surprises\/61557959631212\/","https:\/\/www.instagram.com\/specialdaysurprises\/"]}]}},"_links":{"self":[{"href":"https:\/\/specialdaysurprises.com\/en\/wp-json\/wp\/v2\/product\/290","targetHints":{"allow":["GET"]}}],"collection":[{"href":"https:\/\/specialdaysurprises.com\/en\/wp-json\/wp\/v2\/product"}],"about":[{"href":"https:\/\/specialdaysurprises.com\/en\/wp-json\/wp\/v2\/types\/product"}],"replies":[{"embeddable":true,"href":"https:\/\/specialdaysurprises.com\/en\/wp-json\/wp\/v2\/comments?post=290"}],"wp:featuredmedia":[{"embeddable":true,"href":"https:\/\/specialdaysurprises.com\/en\/wp-json\/wp\/v2\/media\/297"}],"wp:attachment":[{"href":"https:\/\/specialdaysurprises.com\/en\/wp-json\/wp\/v2\/media?parent=290"}],"wp:term":[{"taxonomy":"product_brand","embeddable":true,"href":"https:\/\/specialdaysurprises.com\/en\/wp-json\/wp\/v2\/product_brand?post=290"},{"taxonomy":"product_cat","embeddable":true,"href":"https:\/\/specialdaysurprises.com\/en\/wp-json\/wp\/v2\/product_cat?post=290"},{"taxonomy":"product_tag","embeddable":true,"href":"https:\/\/specialdaysurprises.com\/en\/wp-json\/wp\/v2\/product_tag?post=290"}],"curies":[{"name":"wp","href":"https:\/\/api.w.org\/{rel}","templated":true}]}}